{"id":942,"date":"2024-04-22T11:22:07","date_gmt":"2024-04-22T11:22:07","guid":{"rendered":"https:\/\/lingonperry.com\/?page_id=942"},"modified":"2025-09-26T08:58:42","modified_gmt":"2025-09-26T08:58:42","slug":"live","status":"publish","type":"page","link":"https:\/\/lingonperry.com\/en\/live\/","title":{"rendered":"Lingonperry Live"},"content":{"rendered":"\t\t<div data-elementor-type=\"wp-page\" data-elementor-id=\"942\" class=\"elementor elementor-942\" data-elementor-post-type=\"page\">\n\t\t\t\t\t\t<section class=\"elementor-section elementor-top-section elementor-element elementor-element-c27b380 elementor-section-boxed elementor-section-height-default elementor-section-height-default\" data-id=\"c27b380\" data-element_type=\"section\" data-e-type=\"section\">\n\t\t\t\t\t\t<div class=\"elementor-container elementor-column-gap-default\">\n\t\t\t\t\t<div class=\"elementor-column elementor-col-100 elementor-top-column elementor-element elementor-element-e883286\" data-id=\"e883286\" data-element_type=\"column\" data-e-type=\"column\" data-settings=\"{&quot;background_background&quot;:&quot;classic&quot;}\">\n\t\t\t<div class=\"elementor-widget-wrap elementor-element-populated\">\n\t\t\t\t\t\t<div class=\"elementor-element elementor-element-93a013c elementor-widget elementor-widget-heading\" data-id=\"93a013c\" data-element_type=\"widget\" data-e-type=\"widget\" data-widget_type=\"heading.default\">\n\t\t\t\t<div class=\"elementor-widget-container\">\n\t\t\t\t\t<h1 class=\"elementor-heading-title elementor-size-default\">Lingonperry <span style=\"color:#51ff51\">Live - <span style=\"color:#FFFFFF\"><i>Uuden Musiikin Uusi Koti<\/i><\/span><\/span><\/h1>\t\t\t\t<\/div>\n\t\t\t\t<\/div>\n\t\t\t\t<div class=\"elementor-element elementor-element-2accf93 elementor-hidden-desktop elementor-hidden-tablet elementor-hidden-mobile elementor-widget elementor-widget-video\" data-id=\"2accf93\" data-element_type=\"widget\" data-e-type=\"widget\" data-settings=\"{&quot;youtube_url&quot;:&quot;https:\\\/\\\/www.youtube.com\\\/watch?v=7DX_krVdp4g&quot;,&quot;video_type&quot;:&quot;youtube&quot;}\" data-widget_type=\"video.default\">\n\t\t\t\t<div class=\"elementor-widget-container\">\n\t\t\t\t\t\t\t<div class=\"elementor-wrapper elementor-open-inline\">\n\t\t\t<div class=\"elementor-video\"><\/div>\t\t<\/div>\n\t\t\t\t\t\t<\/div>\n\t\t\t\t<\/div>\n\t\t\t\t\t<\/div>\n\t\t<\/div>\n\t\t\t\t\t<\/div>\n\t\t<\/section>\n\t\t\t\t<section class=\"elementor-section elementor-top-section elementor-element elementor-element-a13ed1a elementor-section-boxed elementor-section-height-default elementor-section-height-default\" data-id=\"a13ed1a\" data-element_type=\"section\" data-e-type=\"section\">\n\t\t\t\t\t\t<div class=\"elementor-container elementor-column-gap-default\">\n\t\t\t\t\t<div class=\"elementor-column elementor-col-100 elementor-top-column elementor-element elementor-element-2d70d72\" data-id=\"2d70d72\" data-element_type=\"column\" data-e-type=\"column\">\n\t\t\t<div class=\"elementor-widget-wrap elementor-element-populated\">\n\t\t\t\t\t\t<div class=\"elementor-element elementor-element-6f21740 elementor-widget elementor-widget-text-editor\" data-id=\"6f21740\" data-element_type=\"widget\" data-e-type=\"widget\" data-widget_type=\"text-editor.default\">\n\t\t\t\t<div class=\"elementor-widget-container\">\n\t\t\t\t\t\t\t\t\t<p>Lingonperry Live on toistaiseksi tauolla, mutta sen sijaan j\u00e4rjest\u00e4mme 13.10.2025 alkaen Lingonperry Liveklubin joka maanantai Tampereen Ylioppilasteatterissa! Liveklubi tarjoaa Lingonperry-artisteille mahdollisuuden esiinty\u00e4 uudelle yleis\u00f6lle ja kuuntelijoille mahdollisuuden kokea uutta musiikkia liven\u00e4! <a href=\"https:\/\/lingonperry.com\/liveklubi\">Lue lis\u00e4\u00e4 t\u00e4\u00e4ll\u00e4!<\/a><\/p><p>Lingonperry Live on Lingonperryn oma striimitapahtuma, jossa keskustellaan musiikkiin liittyvist\u00e4 asioista ja esitet\u00e4\u00e4n Lingonperry-artistien musiikkivideoita. Striimin voi katsoa t\u00e4ll\u00e4 sivulla tai kuunnella <a href=\"https:\/\/radiointo.fi\" target=\"_blank\" rel=\"noopener\">Radio Intosta<\/a>. Seuraamalla Lingonperryn somekanavia saat selville, milloin seuraava Lingonperry Live esitet\u00e4\u00e4n!<\/p><p>Lingonperry Liven haastattelut ovat katsottavissa <a href=\"https:\/\/www.youtube.com\/@Lingonperry\" target=\"_blank\" rel=\"noopener\">Lingonperryn Youtube-kanavalla<\/a> ja kuunneltavissa <a href=\"https:\/\/app.lingonperry.com\/artist\/20d645c1-edd4-4cea-aeb6-bbc611604ff2\" target=\"_blank\" rel=\"noopener\">Lingonperry-alustalla<\/a>!<\/p>\t\t\t\t\t\t\t\t<\/div>\n\t\t\t\t<\/div>\n\t\t\t\t<div class=\"elementor-element elementor-element-ba763a8 elementor-hidden-desktop elementor-hidden-tablet elementor-hidden-mobile elementor-button-align-stretch elementor-widget elementor-widget-form\" data-id=\"ba763a8\" data-element_type=\"widget\" data-e-type=\"widget\" data-settings=\"{&quot;step_next_label&quot;:&quot;Next&quot;,&quot;step_previous_label&quot;:&quot;Previous&quot;,&quot;button_width&quot;:&quot;100&quot;,&quot;step_type&quot;:&quot;number_text&quot;,&quot;step_icon_shape&quot;:&quot;circle&quot;}\" data-widget_type=\"form.default\">\n\t\t\t\t<div class=\"elementor-widget-container\">\n\t\t\t\t\t\t\t<form class=\"elementor-form\" method=\"post\" name=\"Musiikkivideo Lingonperry Liveen\" aria-label=\"Musiikkivideo Lingonperry Liveen\">\n\t\t\t<input type=\"hidden\" name=\"post_id\" value=\"942\"\/>\n\t\t\t<input type=\"hidden\" name=\"form_id\" value=\"ba763a8\"\/>\n\t\t\t<input type=\"hidden\" name=\"referer_title\" value=\"Lingonperry Live - Lingonperry\" \/>\n\n\t\t\t\t\t\t\t<input type=\"hidden\" name=\"queried_id\" value=\"942\"\/>\n\t\t\t\n\t\t\t<div class=\"elementor-form-fields-wrapper elementor-labels-above\">\n\t\t\t\t\t\t\t\t<div class=\"elementor-field-type-text elementor-field-group elementor-column elementor-field-group-name elementor-col-100 elementor-field-required\">\n\t\t\t\t\t\t\t\t\t\t\t\t<label for=\"form-field-name\" class=\"elementor-field-label\">\n\t\t\t\t\t\t\t\tNimi\t\t\t\t\t\t\t<\/label>\n\t\t\t\t\t\t\t\t\t\t\t\t\t\t<input size=\"1\" type=\"text\" name=\"form_fields[name]\" id=\"form-field-name\" class=\"elementor-field elementor-size-sm  elementor-field-textual\" placeholder=\"Nimesi tai yhtyeesi nimi\" required=\"required\">\n\t\t\t\t\t\t\t\t\t\t\t<\/div>\n\t\t\t\t\t\t\t\t<div class=\"elementor-field-type-email elementor-field-group elementor-column elementor-field-group-email elementor-col-100 elementor-field-required\">\n\t\t\t\t\t\t\t\t\t\t\t\t<label for=\"form-field-email\" class=\"elementor-field-label\">\n\t\t\t\t\t\t\t\tEmail\t\t\t\t\t\t\t<\/label>\n\t\t\t\t\t\t\t\t\t\t\t\t\t\t<input size=\"1\" type=\"email\" name=\"form_fields[email]\" id=\"form-field-email\" class=\"elementor-field elementor-size-sm  elementor-field-textual\" placeholder=\"S\u00e4hk\u00f6posti, josta sinut tavoittaa tarvittaessa\" required=\"required\">\n\t\t\t\t\t\t\t\t\t\t\t<\/div>\n\t\t\t\t\t\t\t\t<div class=\"elementor-field-type-url elementor-field-group elementor-column elementor-field-group-field_8b9520b elementor-col-100 elementor-field-required\">\n\t\t\t\t\t\t\t\t\t\t\t\t<label for=\"form-field-field_8b9520b\" class=\"elementor-field-label\">\n\t\t\t\t\t\t\t\tArtistisivu\t\t\t\t\t\t\t<\/label>\n\t\t\t\t\t\t\t\t\t\t\t\t\t\t<input size=\"1\" type=\"url\" name=\"form_fields[field_8b9520b]\" id=\"form-field-field_8b9520b\" class=\"elementor-field elementor-size-sm  elementor-field-textual\" placeholder=\"Artistisivusi osoite Lingonperry-alustalla\" required=\"required\">\n\t\t\t\t\t\t\t\t\t\t\t<\/div>\n\t\t\t\t\t\t\t\t<div class=\"elementor-field-type-text elementor-field-group elementor-column elementor-field-group-field_2b30cbf elementor-col-100 elementor-field-required\">\n\t\t\t\t\t\t\t\t\t\t\t\t<label for=\"form-field-field_2b30cbf\" class=\"elementor-field-label\">\n\t\t\t\t\t\t\t\tMusiikkivideon nimi\t\t\t\t\t\t\t<\/label>\n\t\t\t\t\t\t\t\t\t\t\t\t\t\t<input size=\"1\" type=\"text\" name=\"form_fields[field_2b30cbf]\" id=\"form-field-field_2b30cbf\" class=\"elementor-field elementor-size-sm  elementor-field-textual\" placeholder=\"Toisin sanoen kappaleen nimi\" required=\"required\">\n\t\t\t\t\t\t\t\t\t\t\t<\/div>\n\t\t\t\t\t\t\t\t<div class=\"elementor-field-type-url elementor-field-group elementor-column elementor-field-group-field_b013df2 elementor-col-100 elementor-field-required\">\n\t\t\t\t\t\t\t\t\t\t\t\t<label for=\"form-field-field_b013df2\" class=\"elementor-field-label\">\n\t\t\t\t\t\t\t\tLinkki musiikkivideoon\t\t\t\t\t\t\t<\/label>\n\t\t\t\t\t\t\t\t\t\t\t\t\t\t<input size=\"1\" type=\"url\" name=\"form_fields[field_b013df2]\" id=\"form-field-field_b013df2\" class=\"elementor-field elementor-size-sm  elementor-field-textual\" placeholder=\"WeTransfer, Google Drive, Dropbox tjms. ladattava linkki, ei YouTube!\" required=\"required\">\n\t\t\t\t\t\t\t\t\t\t\t<\/div>\n\t\t\t\t\t\t\t\t<div class=\"elementor-field-type-textarea elementor-field-group elementor-column elementor-field-group-field_7da9052 elementor-col-100 elementor-field-required\">\n\t\t\t\t\t\t\t\t\t\t\t\t<label for=\"form-field-field_7da9052\" class=\"elementor-field-label\">\n\t\t\t\t\t\t\t\tTekij\u00e4tiedot ja vapaa sana\t\t\t\t\t\t\t<\/label>\n\t\t\t\t\t\t<textarea class=\"elementor-field-textual elementor-field  elementor-size-sm\" name=\"form_fields[field_7da9052]\" id=\"form-field-field_7da9052\" rows=\"4\" placeholder=\"Ilmoita videon tekemisess\u00e4 mukana olleet henkil\u00f6t. T\u00e4h\u00e4n voi my\u00f6s ilmoittaa muuta huomionarvoista, mit\u00e4 haluat videosta kertoa.\" required=\"required\"><\/textarea>\t\t\t\t<\/div>\n\t\t\t\t\t\t\t\t<div class=\"elementor-field-group elementor-column elementor-field-type-submit elementor-col-100 e-form__buttons\">\n\t\t\t\t\t<button class=\"elementor-button elementor-size-sm\" type=\"submit\">\n\t\t\t\t\t\t<span class=\"elementor-button-content-wrapper\">\n\t\t\t\t\t\t\t\t\t\t\t\t\t\t\t\t\t\t\t\t\t\t<span class=\"elementor-button-text\">L\u00e4het\u00e4<\/span>\n\t\t\t\t\t\t\t\t\t\t\t\t\t<\/span>\n\t\t\t\t\t<\/button>\n\t\t\t\t<\/div>\n\t\t\t<\/div>\n\t\t<\/form>\n\t\t\t\t\t\t<\/div>\n\t\t\t\t<\/div>\n\t\t\t\t\t<\/div>\n\t\t<\/div>\n\t\t\t\t\t<\/div>\n\t\t<\/section>\n\t\t\t\t<section class=\"elementor-section elementor-top-section elementor-element elementor-element-b0f60f6 elementor-section-boxed elementor-section-height-default elementor-section-height-default\" data-id=\"b0f60f6\" data-element_type=\"section\" data-e-type=\"section\">\n\t\t\t\t\t\t<div class=\"elementor-container elementor-column-gap-default\">\n\t\t\t\t\t<div class=\"elementor-column elementor-col-100 elementor-top-column elementor-element elementor-element-d9d0f52\" data-id=\"d9d0f52\" data-element_type=\"column\" data-e-type=\"column\">\n\t\t\t<div class=\"elementor-widget-wrap elementor-element-populated\">\n\t\t\t\t\t\t<div class=\"elementor-element elementor-element-fd0d00d elementor-widget-divider--view-line elementor-widget elementor-widget-divider\" data-id=\"fd0d00d\" data-element_type=\"widget\" data-e-type=\"widget\" data-widget_type=\"divider.default\">\n\t\t\t\t<div class=\"elementor-widget-container\">\n\t\t\t\t\t\t\t<div class=\"elementor-divider\">\n\t\t\t<span class=\"elementor-divider-separator\">\n\t\t\t\t\t\t<\/span>\n\t\t<\/div>\n\t\t\t\t\t\t<\/div>\n\t\t\t\t<\/div>\n\t\t\t\t<div class=\"elementor-element elementor-element-e9e1dd9 elementor-widget elementor-widget-text-editor\" data-id=\"e9e1dd9\" data-element_type=\"widget\" data-e-type=\"widget\" data-widget_type=\"text-editor.default\">\n\t\t\t\t<div class=\"elementor-widget-container\">\n\t\t\t\t\t\t\t\t\t<p><strong>Yhteisty\u00f6ss\u00e4<\/strong><\/p>\t\t\t\t\t\t\t\t<\/div>\n\t\t\t\t<\/div>\n\t\t\t\t<section class=\"elementor-section elementor-inner-section elementor-element elementor-element-f174e74 elementor-section-boxed elementor-section-height-default elementor-section-height-default\" data-id=\"f174e74\" data-element_type=\"section\" data-e-type=\"section\">\n\t\t\t\t\t\t<div class=\"elementor-container elementor-column-gap-default\">\n\t\t\t\t\t<div class=\"elementor-column elementor-col-33 elementor-inner-column elementor-element elementor-element-5f5c466\" data-id=\"5f5c466\" data-element_type=\"column\" data-e-type=\"column\">\n\t\t\t<div class=\"elementor-widget-wrap elementor-element-populated\">\n\t\t\t\t\t\t<div class=\"elementor-element elementor-element-8b9dcd0 elementor-widget elementor-widget-image\" data-id=\"8b9dcd0\" data-element_type=\"widget\" data-e-type=\"widget\" data-widget_type=\"image.default\">\n\t\t\t\t<div class=\"elementor-widget-container\">\n\t\t\t\t\t\t\t\t\t\t\t\t\t\t\t<img decoding=\"async\" src=\"https:\/\/lingonperry.com\/wp-content\/uploads\/elementor\/thumbs\/ArtX-Logo-White-500px-qjp14yso9q4i6si8lco72jdjq0sysr0n97rl0xmkms.png\" title=\"ArtX-Logo-White-500px\" alt=\"ArtXperience-logo\" loading=\"lazy\" \/>\t\t\t\t\t\t\t\t\t\t\t\t\t\t\t<\/div>\n\t\t\t\t<\/div>\n\t\t\t\t<div class=\"elementor-element elementor-element-9031977 elementor-widget elementor-widget-text-editor\" data-id=\"9031977\" data-element_type=\"widget\" data-e-type=\"widget\" data-widget_type=\"text-editor.default\">\n\t\t\t\t<div class=\"elementor-widget-container\">\n\t\t\t\t\t\t\t\t\t<p><strong>ArtXperience Oy<\/strong><\/p><p>www.artxperience.net<\/p><p>info@artxperience.net<\/p>\t\t\t\t\t\t\t\t<\/div>\n\t\t\t\t<\/div>\n\t\t\t\t\t<\/div>\n\t\t<\/div>\n\t\t\t\t<div class=\"elementor-column elementor-col-33 elementor-inner-column elementor-element elementor-element-1cfe903\" data-id=\"1cfe903\" data-element_type=\"column\" data-e-type=\"column\">\n\t\t\t<div class=\"elementor-widget-wrap elementor-element-populated\">\n\t\t\t\t\t\t<div class=\"elementor-element elementor-element-5cc2fc9 elementor-widget elementor-widget-image\" data-id=\"5cc2fc9\" data-element_type=\"widget\" data-e-type=\"widget\" data-widget_type=\"image.default\">\n\t\t\t\t<div class=\"elementor-widget-container\">\n\t\t\t\t\t\t\t\t\t\t\t\t\t\t\t<img decoding=\"async\" src=\"https:\/\/lingonperry.com\/wp-content\/uploads\/elementor\/thumbs\/Lingonperry-logo-qjozxb6kbcw4cgwflvyfkbkv9yw65v6vv3wjkf3it0.png\" title=\"Lingonperry-logo\" alt=\"Lingonperry logo\" loading=\"lazy\" \/>\t\t\t\t\t\t\t\t\t\t\t\t\t\t\t<\/div>\n\t\t\t\t<\/div>\n\t\t\t\t<div class=\"elementor-element elementor-element-8d8c22d elementor-widget elementor-widget-text-editor\" data-id=\"8d8c22d\" data-element_type=\"widget\" data-e-type=\"widget\" data-widget_type=\"text-editor.default\">\n\t\t\t\t<div class=\"elementor-widget-container\">\n\t\t\t\t\t\t\t\t\t<p><strong>Lingonperry<\/strong><\/p><p>www.lingonperry.com<\/p><p>info@lingonperry.com<\/p>\t\t\t\t\t\t\t\t<\/div>\n\t\t\t\t<\/div>\n\t\t\t\t\t<\/div>\n\t\t<\/div>\n\t\t\t\t<div class=\"elementor-column elementor-col-33 elementor-inner-column elementor-element elementor-element-d5171f8\" data-id=\"d5171f8\" data-element_type=\"column\" data-e-type=\"column\">\n\t\t\t<div class=\"elementor-widget-wrap elementor-element-populated\">\n\t\t\t\t\t\t<div class=\"elementor-element elementor-element-017e80b elementor-widget elementor-widget-image\" data-id=\"017e80b\" data-element_type=\"widget\" data-e-type=\"widget\" data-widget_type=\"image.default\">\n\t\t\t\t<div class=\"elementor-widget-container\">\n\t\t\t\t\t\t\t\t\t\t\t\t\t\t\t<img decoding=\"async\" src=\"https:\/\/lingonperry.com\/wp-content\/uploads\/elementor\/thumbs\/RadioInto_logo_25_web_rgb-wht-r8w61b52d5gpef3q18h629d7x6n8lv2c7el8yo33as.png\" title=\"RadioInto_logo_25_web_rgb-wht\" alt=\"Radio Into logo\" loading=\"lazy\" \/>\t\t\t\t\t\t\t\t\t\t\t\t\t\t\t<\/div>\n\t\t\t\t<\/div>\n\t\t\t\t<div class=\"elementor-element elementor-element-b988f93 elementor-widget elementor-widget-text-editor\" data-id=\"b988f93\" data-element_type=\"widget\" data-e-type=\"widget\" data-widget_type=\"text-editor.default\">\n\t\t\t\t<div class=\"elementor-widget-container\">\n\t\t\t\t\t\t\t\t\t<p><strong>Radio Into<\/strong><\/p><p>www.radiointo.fi<\/p>\t\t\t\t\t\t\t\t<\/div>\n\t\t\t\t<\/div>\n\t\t\t\t\t<\/div>\n\t\t<\/div>\n\t\t\t\t\t<\/div>\n\t\t<\/section>\n\t\t\t\t<div class=\"elementor-element elementor-element-2fda960 elementor-widget-divider--view-line elementor-widget elementor-widget-divider\" data-id=\"2fda960\" data-element_type=\"widget\" data-e-type=\"widget\" data-widget_type=\"divider.default\">\n\t\t\t\t<div class=\"elementor-widget-container\">\n\t\t\t\t\t\t\t<div class=\"elementor-divider\">\n\t\t\t<span class=\"elementor-divider-separator\">\n\t\t\t\t\t\t<\/span>\n\t\t<\/div>\n\t\t\t\t\t\t<\/div>\n\t\t\t\t<\/div>\n\t\t\t\t\t<\/div>\n\t\t<\/div>\n\t\t\t\t\t<\/div>\n\t\t<\/section>\n\t\t\t\t<\/div>\n\t\t","protected":false},"excerpt":{"rendered":"<p>Lingonperry Live &#8211; Uuden Musiikin Uusi Koti https:\/\/www.youtube.com\/watch?v=7DX_krVdp4g Lingonperry Live on toistaiseksi tauolla, mutta sen sijaan j\u00e4rjest\u00e4mme 13.10.2025 alkaen Lingonperry Liveklubin joka maanantai Tampereen Ylioppilasteatterissa! Liveklubi tarjoaa Lingonperry-artisteille mahdollisuuden esiinty\u00e4 uudelle yleis\u00f6lle ja kuuntelijoille mahdollisuuden kokea uutta musiikkia liven\u00e4! Lue lis\u00e4\u00e4 t\u00e4\u00e4ll\u00e4! Lingonperry Live on Lingonperryn oma striimitapahtuma, jossa keskustellaan musiikkiin liittyvist\u00e4 asioista ja esitet\u00e4\u00e4n [&hellip;]<\/p>\n","protected":false},"author":1,"featured_media":0,"parent":0,"menu_order":0,"comment_status":"closed","ping_status":"closed","template":"","meta":{"_acf_changed":false,"footnotes":""},"class_list":["post-942","page","type-page","status-publish","hentry"],"acf":[],"_links":{"self":[{"href":"https:\/\/lingonperry.com\/en\/wp-json\/wp\/v2\/pages\/942","targetHints":{"allow":["GET"]}}],"collection":[{"href":"https:\/\/lingonperry.com\/en\/wp-json\/wp\/v2\/pages"}],"about":[{"href":"https:\/\/lingonperry.com\/en\/wp-json\/wp\/v2\/types\/page"}],"author":[{"embeddable":true,"href":"https:\/\/lingonperry.com\/en\/wp-json\/wp\/v2\/users\/1"}],"replies":[{"embeddable":true,"href":"https:\/\/lingonperry.com\/en\/wp-json\/wp\/v2\/comments?post=942"}],"version-history":[{"count":222,"href":"https:\/\/lingonperry.com\/en\/wp-json\/wp\/v2\/pages\/942\/revisions"}],"predecessor-version":[{"id":4569,"href":"https:\/\/lingonperry.com\/en\/wp-json\/wp\/v2\/pages\/942\/revisions\/4569"}],"wp:attachment":[{"href":"https:\/\/lingonperry.com\/en\/wp-json\/wp\/v2\/media?parent=942"}],"curies":[{"name":"wp","href":"https:\/\/api.w.org\/{rel}","templated":true}]}}