{"id":576,"date":"2024-02-12T09:55:39","date_gmt":"2024-02-12T09:55:39","guid":{"rendered":"https:\/\/tulvari.skelteri.fi\/?page_id=576"},"modified":"2026-04-01T12:01:43","modified_gmt":"2026-04-01T12:01:43","slug":"kumppanit","status":"publish","type":"page","link":"https:\/\/lingonperry.com\/en\/kumppanit\/","title":{"rendered":"Partners"},"content":{"rendered":"<div data-elementor-type=\"wp-page\" data-elementor-id=\"576\" class=\"elementor elementor-576\" data-elementor-post-type=\"page\">\n\t\t\t\t\t\t<section class=\"elementor-section elementor-top-section elementor-element elementor-element-1a6e9bd elementor-section-boxed elementor-section-height-default elementor-section-height-default\" data-id=\"1a6e9bd\" data-element_type=\"section\" data-e-type=\"section\">\n\t\t\t\t\t\t<div class=\"elementor-container elementor-column-gap-default\">\n\t\t\t\t\t<div class=\"elementor-column elementor-col-100 elementor-top-column elementor-element elementor-element-79e67b6\" data-id=\"79e67b6\" data-element_type=\"column\" data-e-type=\"column\" data-settings=\"{&quot;background_background&quot;:&quot;classic&quot;}\">\n\t\t\t<div class=\"elementor-widget-wrap elementor-element-populated\">\n\t\t\t\t\t\t<section class=\"elementor-section elementor-inner-section elementor-element elementor-element-356bdea elementor-section-boxed elementor-section-height-default elementor-section-height-default\" data-id=\"356bdea\" data-element_type=\"section\" data-e-type=\"section\">\n\t\t\t\t\t\t<div class=\"elementor-container elementor-column-gap-default\">\n\t\t\t\t\t<div class=\"elementor-column elementor-col-50 elementor-inner-column elementor-element elementor-element-5d32382\" data-id=\"5d32382\" data-element_type=\"column\" data-e-type=\"column\">\n\t\t\t<div class=\"elementor-widget-wrap elementor-element-populated\">\n\t\t\t\t<div class=\"elementor-element elementor-element-dd817ad e-flex e-con-boxed e-con e-parent\" data-id=\"dd817ad\" data-element_type=\"container\" data-e-type=\"container\">\n\t\t\t\t\t<div class=\"e-con-inner\">\n\t\t\t\t<div class=\"elementor-element elementor-element-bd27aa8 elementor-widget elementor-widget-image\" data-id=\"bd27aa8\" data-element_type=\"widget\" data-e-type=\"widget\" data-widget_type=\"image.default\">\n\t\t\t\t<div class=\"elementor-widget-container\">\n\t\t\t\t\t\t\t\t\t\t\t\t\t\t\t<img decoding=\"async\" width=\"154\" height=\"300\" src=\"https:\/\/lingonperry.com\/wp-content\/uploads\/2025\/07\/lingonperry-mockup-2-154x300.png\" class=\"attachment-medium size-medium wp-image-3757\" alt=\"A phote showing a mockup of the Lingonperry front page\" srcset=\"https:\/\/lingonperry.com\/wp-content\/uploads\/2025\/07\/lingonperry-mockup-2-154x300.png 154w, https:\/\/lingonperry.com\/wp-content\/uploads\/2025\/07\/lingonperry-mockup-2-526x1024.png 526w, https:\/\/lingonperry.com\/wp-content\/uploads\/2025\/07\/lingonperry-mockup-2-768x1496.png 768w, https:\/\/lingonperry.com\/wp-content\/uploads\/2025\/07\/lingonperry-mockup-2-789x1536.png 789w, https:\/\/lingonperry.com\/wp-content\/uploads\/2025\/07\/lingonperry-mockup-2-6x12.png 6w, https:\/\/lingonperry.com\/wp-content\/uploads\/2025\/07\/lingonperry-mockup-2.png 991w\" sizes=\"(max-width: 154px) 100vw, 154px\" \/>\t\t\t\t\t\t\t\t\t\t\t\t\t\t\t<\/div>\n\t\t\t\t<\/div>\n\t\t\t\t\t<\/div>\n\t\t\t\t<\/div>\n\t\t\t\t\t<\/div>\n\t\t<\/div>\n\t\t\t\t<div class=\"elementor-column elementor-col-50 elementor-inner-column elementor-element elementor-element-ff91ff0\" data-id=\"ff91ff0\" data-element_type=\"column\" data-e-type=\"column\">\n\t\t\t<div class=\"elementor-widget-wrap elementor-element-populated\">\n\t\t\t\t\t\t<div class=\"elementor-element elementor-element-245f89f elementor-widget elementor-widget-heading\" data-id=\"245f89f\" data-element_type=\"widget\" data-e-type=\"widget\" data-widget_type=\"heading.default\">\n\t\t\t\t<div class=\"elementor-widget-container\">\n\t\t\t\t\t<h1 class=\"elementor-heading-title elementor-size-default\">Let\u2019s build a fairer music industry together \u2014 Lingonperry\u2019s partners<\/h1>\t\t\t\t<\/div>\n\t\t\t\t<\/div>\n\t\t\t\t<div class=\"elementor-element elementor-element-73ce36b elementor-widget elementor-widget-text-editor\" data-id=\"73ce36b\" data-element_type=\"widget\" data-e-type=\"widget\" data-widget_type=\"text-editor.default\">\n\t\t\t\t<div class=\"elementor-widget-container\">\n\t\t\t\t\t\t\t\t\t<p>We are looking for partners who want to be involved in building a more open and equitable music world and a support network around it.<\/p><p>Get in touch, and let's find a suitable collaboration model.<\/p>\t\t\t\t\t\t\t\t<\/div>\n\t\t\t\t<\/div>\n\t\t\t\t<div class=\"elementor-element elementor-element-9847a3c elementor-widget elementor-widget-button\" data-id=\"9847a3c\" data-element_type=\"widget\" data-e-type=\"widget\" data-widget_type=\"button.default\">\n\t\t\t\t<div class=\"elementor-widget-container\">\n\t\t\t\t\t\t\t\t\t<div class=\"elementor-button-wrapper\">\n\t\t\t\t\t<a class=\"elementor-button elementor-button-link elementor-size-sm\" href=\"https:\/\/lingonperry.com\/en\/yhteydenotto\/\">\n\t\t\t\t\t\t<span class=\"elementor-button-content-wrapper\">\n\t\t\t\t\t\t\t\t\t<span class=\"elementor-button-text\">Contact us!<\/span>\n\t\t\t\t\t<\/span>\n\t\t\t\t\t<\/a>\n\t\t\t\t<\/div>\n\t\t\t\t\t\t\t\t<\/div>\n\t\t\t\t<\/div>\n\t\t\t\t\t<\/div>\n\t\t<\/div>\n\t\t\t\t\t<\/div>\n\t\t<\/section>\n\t\t\t\t\t<\/div>\n\t\t<\/div>\n\t\t\t\t\t<\/div>\n\t\t<\/section>\n\t\t<div class=\"elementor-element elementor-element-97984c4 e-flex e-con-boxed e-con e-parent\" data-id=\"97984c4\" data-element_type=\"container\" data-e-type=\"container\">\n\t\t\t\t\t<div class=\"e-con-inner\">\n\t\t<div class=\"elementor-element elementor-element-2c19f84 e-con-full e-flex e-con e-child\" data-id=\"2c19f84\" data-element_type=\"container\" data-e-type=\"container\" data-settings=\"{&quot;background_background&quot;:&quot;classic&quot;}\">\n\t\t\t\t<div class=\"elementor-element elementor-element-b23f441 elementor-widget elementor-widget-heading\" data-id=\"b23f441\" data-element_type=\"widget\" data-e-type=\"widget\" data-widget_type=\"heading.default\">\n\t\t\t\t<div class=\"elementor-widget-container\">\n\t\t\t\t\t<h2 class=\"elementor-heading-title elementor-size-default\">Our current partners<\/h2>\t\t\t\t<\/div>\n\t\t\t\t<\/div>\n\t\t<div class=\"elementor-element elementor-element-8add022 e-con-full e-grid e-con e-child\" data-id=\"8add022\" data-element_type=\"container\" data-e-type=\"container\">\n\t\t<div class=\"elementor-element elementor-element-42443cf e-con-full e-flex e-con e-child\" data-id=\"42443cf\" data-element_type=\"container\" data-e-type=\"container\" data-settings=\"{&quot;background_background&quot;:&quot;classic&quot;}\">\n\t\t<div class=\"elementor-element elementor-element-bdac6ae e-con-full e-flex e-con e-child\" data-id=\"bdac6ae\" data-element_type=\"container\" data-e-type=\"container\">\n\t\t\t\t<div class=\"elementor-element elementor-element-6680fb3 elementor-widget-mobile__width-inherit elementor-widget elementor-widget-heading\" data-id=\"6680fb3\" data-element_type=\"widget\" data-e-type=\"widget\" data-widget_type=\"heading.default\">\n\t\t\t\t<div class=\"elementor-widget-container\">\n\t\t\t\t\t<h3 class=\"elementor-heading-title elementor-size-default\"><a href=\"https:\/\/lingonperry.com\/en\/tritonus-levykauppa\/\">Tritonus Record Store<\/a><\/h3>\t\t\t\t<\/div>\n\t\t\t\t<\/div>\n\t\t<div class=\"elementor-element elementor-element-4310037 e-con-full e-flex e-con e-child\" data-id=\"4310037\" data-element_type=\"container\" data-e-type=\"container\">\n\t\t\t\t<div class=\"elementor-element elementor-element-796454b elementor-widget elementor-widget-image\" data-id=\"796454b\" data-element_type=\"widget\" data-e-type=\"widget\" data-widget_type=\"image.default\">\n\t\t\t\t<div class=\"elementor-widget-container\">\n\t\t\t\t\t\t\t\t\t\t\t\t\t\t\t<img fetchpriority=\"high\" decoding=\"async\" width=\"300\" height=\"169\" src=\"https:\/\/lingonperry.com\/wp-content\/uploads\/2026\/03\/Tritonus-1920-x-1080_Lapinakyva-tausta-valkoinen-logo-300x169.png\" class=\"attachment-medium size-medium wp-image-5152\" alt=\"Tritonus Record Store logo\" srcset=\"https:\/\/lingonperry.com\/wp-content\/uploads\/2026\/03\/Tritonus-1920-x-1080_Lapinakyva-tausta-valkoinen-logo-300x169.png 300w, https:\/\/lingonperry.com\/wp-content\/uploads\/2026\/03\/Tritonus-1920-x-1080_Lapinakyva-tausta-valkoinen-logo-1024x576.png 1024w, https:\/\/lingonperry.com\/wp-content\/uploads\/2026\/03\/Tritonus-1920-x-1080_Lapinakyva-tausta-valkoinen-logo-768x432.png 768w, https:\/\/lingonperry.com\/wp-content\/uploads\/2026\/03\/Tritonus-1920-x-1080_Lapinakyva-tausta-valkoinen-logo-1536x864.png 1536w, https:\/\/lingonperry.com\/wp-content\/uploads\/2026\/03\/Tritonus-1920-x-1080_Lapinakyva-tausta-valkoinen-logo-2048x1152.png 2048w, https:\/\/lingonperry.com\/wp-content\/uploads\/2026\/03\/Tritonus-1920-x-1080_Lapinakyva-tausta-valkoinen-logo-18x10.png 18w\" sizes=\"(max-width: 300px) 100vw, 300px\" \/>\t\t\t\t\t\t\t\t\t\t\t\t\t\t\t<\/div>\n\t\t\t\t<\/div>\n\t\t\t\t<div class=\"elementor-element elementor-element-33ca605 elementor-widget elementor-widget-text-editor\" data-id=\"33ca605\" data-element_type=\"widget\" data-e-type=\"widget\" data-widget_type=\"text-editor.default\">\n\t\t\t\t<div class=\"elementor-widget-container\">\n\t\t\t\t\t\t\t\t\t<p class=\"translation-block\">The Tritonus Record Store serves customers both <a href=\"https:\/\/tritonus.fi\" target=\"_blank\" rel=\"noopener\">online<\/a> and in the lobby of Tampere Hall, offering not only the city\u2019s best selection of classical and jazz music but also a diverse range of gems from various genres. Going forward, the Tritonus Record Store will also feature a dedicated section for Lingonperry artists!<\/p>\t\t\t\t\t\t\t\t<\/div>\n\t\t\t\t<\/div>\n\t\t\t\t<div class=\"elementor-element elementor-element-b2f9a68 elementor-align-center elementor-widget elementor-widget-button\" data-id=\"b2f9a68\" data-element_type=\"widget\" data-e-type=\"widget\" data-widget_type=\"button.default\">\n\t\t\t\t<div class=\"elementor-widget-container\">\n\t\t\t\t\t\t\t\t\t<div class=\"elementor-button-wrapper\">\n\t\t\t\t\t<a class=\"elementor-button elementor-button-link elementor-size-sm\" href=\"https:\/\/lingonperry.com\/en\/tritonus-levykauppa\/\">\n\t\t\t\t\t\t<span class=\"elementor-button-content-wrapper\">\n\t\t\t\t\t\t\t\t\t<span class=\"elementor-button-text\">Read more<\/span>\n\t\t\t\t\t<\/span>\n\t\t\t\t\t<\/a>\n\t\t\t\t<\/div>\n\t\t\t\t\t\t\t\t<\/div>\n\t\t\t\t<\/div>\n\t\t\t\t<\/div>\n\t\t\t\t<\/div>\n\t\t\t\t<\/div>\n\t\t<div class=\"elementor-element elementor-element-a8d9ba9 e-con-full e-flex e-con e-child\" data-id=\"a8d9ba9\" data-element_type=\"container\" data-e-type=\"container\" data-settings=\"{&quot;background_background&quot;:&quot;classic&quot;}\">\n\t\t<div class=\"elementor-element elementor-element-f4d0031 e-con-full e-flex e-con e-child\" data-id=\"f4d0031\" data-element_type=\"container\" data-e-type=\"container\">\n\t\t\t\t<div class=\"elementor-element elementor-element-f9a1185 elementor-widget-mobile__width-inherit elementor-widget elementor-widget-heading\" data-id=\"f9a1185\" data-element_type=\"widget\" data-e-type=\"widget\" data-widget_type=\"heading.default\">\n\t\t\t\t<div class=\"elementor-widget-container\">\n\t\t\t\t\t<h3 class=\"elementor-heading-title elementor-size-default\"><a href=\"https:\/\/lingonperry.com\/en\/x-youth-gone-wild\/\">X-Youth Gone Wild \/ Eclipse Music<\/a><\/h3>\t\t\t\t<\/div>\n\t\t\t\t<\/div>\n\t\t\t\t<div class=\"elementor-element elementor-element-c446123 elementor-widget elementor-widget-image\" data-id=\"c446123\" data-element_type=\"widget\" data-e-type=\"widget\" data-widget_type=\"image.default\">\n\t\t\t\t<div class=\"elementor-widget-container\">\n\t\t\t\t\t\t\t\t\t\t\t\t\t\t\t<img decoding=\"async\" width=\"300\" height=\"82\" src=\"https:\/\/lingonperry.com\/wp-content\/uploads\/2026\/03\/X-Youth-Gone-Wild-logo-300x82.png\" class=\"attachment-medium size-medium wp-image-5276\" alt=\"X-Youth Gone Wild logo\" srcset=\"https:\/\/lingonperry.com\/wp-content\/uploads\/2026\/03\/X-Youth-Gone-Wild-logo-300x82.png 300w, https:\/\/lingonperry.com\/wp-content\/uploads\/2026\/03\/X-Youth-Gone-Wild-logo-1024x279.png 1024w, https:\/\/lingonperry.com\/wp-content\/uploads\/2026\/03\/X-Youth-Gone-Wild-logo-768x209.png 768w, https:\/\/lingonperry.com\/wp-content\/uploads\/2026\/03\/X-Youth-Gone-Wild-logo-1536x419.png 1536w, https:\/\/lingonperry.com\/wp-content\/uploads\/2026\/03\/X-Youth-Gone-Wild-logo-2048x558.png 2048w, https:\/\/lingonperry.com\/wp-content\/uploads\/2026\/03\/X-Youth-Gone-Wild-logo-18x5.png 18w\" sizes=\"(max-width: 300px) 100vw, 300px\" \/>\t\t\t\t\t\t\t\t\t\t\t\t\t\t\t<\/div>\n\t\t\t\t<\/div>\n\t\t\t\t<div class=\"elementor-element elementor-element-eb26e9a elementor-widget elementor-widget-text-editor\" data-id=\"eb26e9a\" data-element_type=\"widget\" data-e-type=\"widget\" data-widget_type=\"text-editor.default\">\n\t\t\t\t<div class=\"elementor-widget-container\">\n\t\t\t\t\t\t\t\t\t<p>X-Youth Gone Wild on tamperelainen yritys, joka on erikoistunut palvelemaan musiikkialan pientoimijoita. Tarjoamme <strong>Lingonperry Artist+ <\/strong>-tilaajille mahdollisuuden painattaa fyysisi\u00e4 levyj\u00e4 5 %:n alennuksella.<\/p>\t\t\t\t\t\t\t\t<\/div>\n\t\t\t\t<\/div>\n\t\t\t\t<div class=\"elementor-element elementor-element-f759deb elementor-align-center elementor-widget elementor-widget-button\" data-id=\"f759deb\" data-element_type=\"widget\" data-e-type=\"widget\" data-widget_type=\"button.default\">\n\t\t\t\t<div class=\"elementor-widget-container\">\n\t\t\t\t\t\t\t\t\t<div class=\"elementor-button-wrapper\">\n\t\t\t\t\t<a class=\"elementor-button elementor-button-link elementor-size-sm\" href=\"https:\/\/lingonperry.com\/en\/x-youth-gone-wild\/\">\n\t\t\t\t\t\t<span class=\"elementor-button-content-wrapper\">\n\t\t\t\t\t\t\t\t\t<span class=\"elementor-button-text\">Read more<\/span>\n\t\t\t\t\t<\/span>\n\t\t\t\t\t<\/a>\n\t\t\t\t<\/div>\n\t\t\t\t\t\t\t\t<\/div>\n\t\t\t\t<\/div>\n\t\t\t\t<\/div>\n\t\t\t\t<\/div>\n\t\t<div class=\"elementor-element elementor-element-7212b07 e-con-full e-flex e-con e-child\" data-id=\"7212b07\" data-element_type=\"container\" data-e-type=\"container\" data-settings=\"{&quot;background_background&quot;:&quot;classic&quot;}\">\n\t\t<div class=\"elementor-element elementor-element-0e21f0a e-con-full e-flex e-con e-child\" data-id=\"0e21f0a\" data-element_type=\"container\" data-e-type=\"container\">\n\t\t\t\t<div class=\"elementor-element elementor-element-eaec429 elementor-widget-mobile__width-inherit elementor-widget elementor-widget-heading\" data-id=\"eaec429\" data-element_type=\"widget\" data-e-type=\"widget\" data-widget_type=\"heading.default\">\n\t\t\t\t<div class=\"elementor-widget-container\">\n\t\t\t\t\t<h3 class=\"elementor-heading-title elementor-size-default\"><a href=\"https:\/\/lingonperry.com\/en\/soraaniklubi\/\">Sora\u00e4\u00e4niklubi<\/a><\/h3>\t\t\t\t<\/div>\n\t\t\t\t<\/div>\n\t\t<div class=\"elementor-element elementor-element-7e9dc45 e-con-full e-flex e-con e-child\" data-id=\"7e9dc45\" data-element_type=\"container\" data-e-type=\"container\">\n\t\t\t\t<div class=\"elementor-element elementor-element-8e4f5f2 elementor-widget elementor-widget-image\" data-id=\"8e4f5f2\" data-element_type=\"widget\" data-e-type=\"widget\" data-widget_type=\"image.default\">\n\t\t\t\t<div class=\"elementor-widget-container\">\n\t\t\t\t\t\t\t\t\t\t\t\t\t\t\t<img loading=\"lazy\" decoding=\"async\" width=\"300\" height=\"178\" src=\"https:\/\/lingonperry.com\/wp-content\/uploads\/2025\/09\/soraaaniklubi-1-300x178.png\" class=\"attachment-medium size-medium wp-image-4336\" alt=\"Sora\u00e4\u00e4niklubi logo\" srcset=\"https:\/\/lingonperry.com\/wp-content\/uploads\/2025\/09\/soraaaniklubi-1-300x178.png 300w, https:\/\/lingonperry.com\/wp-content\/uploads\/2025\/09\/soraaaniklubi-1-1024x608.png 1024w, https:\/\/lingonperry.com\/wp-content\/uploads\/2025\/09\/soraaaniklubi-1-768x456.png 768w, https:\/\/lingonperry.com\/wp-content\/uploads\/2025\/09\/soraaaniklubi-1-18x12.png 18w, https:\/\/lingonperry.com\/wp-content\/uploads\/2025\/09\/soraaaniklubi-1.png 1280w\" sizes=\"(max-width: 300px) 100vw, 300px\" \/>\t\t\t\t\t\t\t\t\t\t\t\t\t\t\t<\/div>\n\t\t\t\t<\/div>\n\t\t\t\t<div class=\"elementor-element elementor-element-044945d elementor-widget elementor-widget-text-editor\" data-id=\"044945d\" data-element_type=\"widget\" data-e-type=\"widget\" data-widget_type=\"text-editor.default\">\n\t\t\t\t<div class=\"elementor-widget-container\">\n\t\t\t\t\t\t\t\t\t<p>Edvin Soran j\u00e4rjest\u00e4m\u00e4 open stage -klubi laulaja-lauluntekij\u00f6ille. Tule soittamaan ja verkostoitumaan!<\/p>\t\t\t\t\t\t\t\t<\/div>\n\t\t\t\t<\/div>\n\t\t\t\t<div class=\"elementor-element elementor-element-5841650 elementor-align-center elementor-widget elementor-widget-button\" data-id=\"5841650\" data-element_type=\"widget\" data-e-type=\"widget\" data-widget_type=\"button.default\">\n\t\t\t\t<div class=\"elementor-widget-container\">\n\t\t\t\t\t\t\t\t\t<div class=\"elementor-button-wrapper\">\n\t\t\t\t\t<a class=\"elementor-button elementor-button-link elementor-size-sm\" href=\"https:\/\/lingonperry.com\/en\/soraaaniklubi\/\">\n\t\t\t\t\t\t<span class=\"elementor-button-content-wrapper\">\n\t\t\t\t\t\t\t\t\t<span class=\"elementor-button-text\">Read more<\/span>\n\t\t\t\t\t<\/span>\n\t\t\t\t\t<\/a>\n\t\t\t\t<\/div>\n\t\t\t\t\t\t\t\t<\/div>\n\t\t\t\t<\/div>\n\t\t\t\t<\/div>\n\t\t\t\t<\/div>\n\t\t\t\t<\/div>\n\t\t\t\t<\/div>\n\t\t\t\t<\/div>\n\t\t\t\t\t<\/div>\n\t\t\t\t<\/div>\n\t\t\t\t<\/div>","protected":false},"excerpt":{"rendered":"<p>Rakennetaan yhdess\u00e4 reilumpi musiikkiala \u2014 Lingonperryn yhteisty\u00f6kumppanit Etsimme kumppaneita, jotka haluavat olla mukana rakentamassa avoimempaa ja tasa-arvoisempaa musiikkimaailmaa ja tukiverkostoa sen ymp\u00e4rill\u00e4. Ota yhteytt\u00e4 ja etsit\u00e4\u00e4n sopiva yhteisty\u00f6n malli. Ota yhteytt\u00e4! Nykyiset yhteisty\u00f6kumppanimme Tritonus-levykauppa Tritonus-levykauppa palvelee sek\u00e4 netiss\u00e4 ett\u00e4 Tampere-talon aulassa ja tarjoaa kaupungin parhaan klassisen- ja jazz-musiikin valikoiman lis\u00e4ksi monipuolisen kattauksen eri tyylilajien helmi\u00e4. [&hellip;]<\/p>\n","protected":false},"author":1,"featured_media":0,"parent":0,"menu_order":0,"comment_status":"closed","ping_status":"closed","template":"","meta":{"_acf_changed":false,"footnotes":""},"class_list":["post-576","page","type-page","status-publish","hentry"],"acf":[],"_links":{"self":[{"href":"https:\/\/lingonperry.com\/en\/wp-json\/wp\/v2\/pages\/576","targetHints":{"allow":["GET"]}}],"collection":[{"href":"https:\/\/lingonperry.com\/en\/wp-json\/wp\/v2\/pages"}],"about":[{"href":"https:\/\/lingonperry.com\/en\/wp-json\/wp\/v2\/types\/page"}],"author":[{"embeddable":true,"href":"https:\/\/lingonperry.com\/en\/wp-json\/wp\/v2\/users\/1"}],"replies":[{"embeddable":true,"href":"https:\/\/lingonperry.com\/en\/wp-json\/wp\/v2\/comments?post=576"}],"version-history":[{"count":97,"href":"https:\/\/lingonperry.com\/en\/wp-json\/wp\/v2\/pages\/576\/revisions"}],"predecessor-version":[{"id":5328,"href":"https:\/\/lingonperry.com\/en\/wp-json\/wp\/v2\/pages\/576\/revisions\/5328"}],"wp:attachment":[{"href":"https:\/\/lingonperry.com\/en\/wp-json\/wp\/v2\/media?parent=576"}],"curies":[{"name":"wp","href":"https:\/\/api.w.org\/{rel}","templated":true}]}}