{"id":5147,"date":"2026-03-24T13:50:31","date_gmt":"2026-03-24T13:50:31","guid":{"rendered":"https:\/\/lingonperry.com\/?page_id=5147"},"modified":"2026-03-26T11:54:58","modified_gmt":"2026-03-26T11:54:58","slug":"tritonus-levykauppa","status":"publish","type":"page","link":"https:\/\/lingonperry.com\/en\/tritonus-levykauppa\/","title":{"rendered":"Tritonus Record Store"},"content":{"rendered":"\t\t<div data-elementor-type=\"wp-page\" data-elementor-id=\"5147\" class=\"elementor elementor-5147\" data-elementor-post-type=\"page\">\n\t\t\t\t\t\t<section class=\"elementor-section elementor-top-section elementor-element elementor-element-979ecbd elementor-section-boxed elementor-section-height-default elementor-section-height-default\" data-id=\"979ecbd\" data-element_type=\"section\" data-e-type=\"section\">\n\t\t\t\t\t\t<div class=\"elementor-container elementor-column-gap-default\">\n\t\t\t\t\t<div class=\"elementor-column elementor-col-100 elementor-top-column elementor-element elementor-element-917ee7f\" data-id=\"917ee7f\" data-element_type=\"column\" data-e-type=\"column\" data-settings=\"{&quot;background_background&quot;:&quot;classic&quot;}\">\n\t\t\t<div class=\"elementor-widget-wrap elementor-element-populated\">\n\t\t\t\t\t\t<div class=\"elementor-element elementor-element-1ef6397 elementor-hidden-mobile elementor-widget elementor-widget-image\" data-id=\"1ef6397\" data-element_type=\"widget\" data-e-type=\"widget\" data-widget_type=\"image.default\">\n\t\t\t\t<div class=\"elementor-widget-container\">\n\t\t\t\t\t\t\t\t\t\t\t\t\t\t\t<img fetchpriority=\"high\" decoding=\"async\" width=\"768\" height=\"432\" src=\"https:\/\/lingonperry.com\/wp-content\/uploads\/2026\/03\/Tritonus-1920-x-1080_Lapinakyva-tausta-valkoinen-logo-768x432.png\" class=\"attachment-medium_large size-medium_large wp-image-5152\" alt=\"Tritonus Record Store logo\" srcset=\"https:\/\/lingonperry.com\/wp-content\/uploads\/2026\/03\/Tritonus-1920-x-1080_Lapinakyva-tausta-valkoinen-logo-768x432.png 768w, https:\/\/lingonperry.com\/wp-content\/uploads\/2026\/03\/Tritonus-1920-x-1080_Lapinakyva-tausta-valkoinen-logo-300x169.png 300w, https:\/\/lingonperry.com\/wp-content\/uploads\/2026\/03\/Tritonus-1920-x-1080_Lapinakyva-tausta-valkoinen-logo-1024x576.png 1024w, https:\/\/lingonperry.com\/wp-content\/uploads\/2026\/03\/Tritonus-1920-x-1080_Lapinakyva-tausta-valkoinen-logo-1536x864.png 1536w, https:\/\/lingonperry.com\/wp-content\/uploads\/2026\/03\/Tritonus-1920-x-1080_Lapinakyva-tausta-valkoinen-logo-2048x1152.png 2048w, https:\/\/lingonperry.com\/wp-content\/uploads\/2026\/03\/Tritonus-1920-x-1080_Lapinakyva-tausta-valkoinen-logo-18x10.png 18w\" sizes=\"(max-width: 768px) 100vw, 768px\" \/>\t\t\t\t\t\t\t\t\t\t\t\t\t\t\t<\/div>\n\t\t\t\t<\/div>\n\t\t\t\t<section class=\"elementor-section elementor-inner-section elementor-element elementor-element-6faa1f0 elementor-section-boxed elementor-section-height-default elementor-section-height-default\" data-id=\"6faa1f0\" data-element_type=\"section\" data-e-type=\"section\">\n\t\t\t\t\t\t<div class=\"elementor-container elementor-column-gap-default\">\n\t\t\t\t\t<div class=\"elementor-column elementor-col-100 elementor-inner-column elementor-element elementor-element-fd48862\" data-id=\"fd48862\" data-element_type=\"column\" data-e-type=\"column\">\n\t\t\t<div class=\"elementor-widget-wrap elementor-element-populated\">\n\t\t\t\t\t\t<div class=\"elementor-element elementor-element-22be51e elementor-widget elementor-widget-heading\" data-id=\"22be51e\" data-element_type=\"widget\" data-e-type=\"widget\" data-widget_type=\"heading.default\">\n\t\t\t\t<div class=\"elementor-widget-container\">\n\t\t\t\t\t<h1 class=\"elementor-heading-title elementor-size-default\">Tuo levysi myyntiin \u2014 Tritonus-levykauppa<\/h1>\t\t\t\t<\/div>\n\t\t\t\t<\/div>\n\t\t\t\t<div class=\"elementor-element elementor-element-4fe5c4a elementor-widget elementor-widget-text-editor\" data-id=\"4fe5c4a\" data-element_type=\"widget\" data-e-type=\"widget\" data-widget_type=\"text-editor.default\">\n\t\t\t\t<div class=\"elementor-widget-container\">\n\t\t\t\t\t\t\t\t\t<p>Tritonus-levykauppa palvelee sek\u00e4 <a href=\"https:\/\/tritonus.fi\" target=\"_blank\" rel=\"noopener\">netiss\u00e4<\/a> ett\u00e4 Tampere-talon aulassa ja tarjoaa kaupungin parhaan klassisen- ja jazz-musiikin valikoiman lis\u00e4ksi monipuolisen kattauksen eri tyylilajien helmi\u00e4. Jatkossa Tritonus-levykaupasta l\u00f6ytyy my\u00f6s oma osasto Lingonperry-artisteille!<\/p><p>Jos haluat siis omat levyt ja merchandise-tuotteet myyntiin laadukkaaseen verkkokauppaan ja Tritonuksen myym\u00e4l\u00e4\u00e4n, ota yhteytt\u00e4, niin r\u00e4\u00e4t\u00e4l\u00f6id\u00e4\u00e4n sinulle oma Lingonperry-jakelusopimus!<\/p>\t\t\t\t\t\t\t\t<\/div>\n\t\t\t\t<\/div>\n\t\t\t\t\t<\/div>\n\t\t<\/div>\n\t\t\t\t\t<\/div>\n\t\t<\/section>\n\t\t\t\t\t<\/div>\n\t\t<\/div>\n\t\t\t\t\t<\/div>\n\t\t<\/section>\n\t\t<div class=\"elementor-element elementor-element-a280528 e-flex e-con-boxed e-con e-parent\" data-id=\"a280528\" data-element_type=\"container\" data-e-type=\"container\">\n\t\t\t\t\t<div class=\"e-con-inner\">\n\t\t<div class=\"elementor-element elementor-element-8980795 e-con-full e-flex e-con e-child\" data-id=\"8980795\" data-element_type=\"container\" data-e-type=\"container\">\n\t\t\t\t<div class=\"elementor-element elementor-element-66c600d eael-wpforms-labels-yes eael-wpforms-form-button-custom elementor-widget elementor-widget-eael-wpforms\" data-id=\"66c600d\" data-element_type=\"widget\" data-e-type=\"widget\" data-widget_type=\"eael-wpforms.default\">\n\t\t\t\t<div class=\"elementor-widget-container\">\n\t\t\t\t\t            <div class=\"eael-contact-form eael-wpforms eael-wpforms-align-default\">\n                                <div class=\"wpforms-container wpforms-container-full wpforms-render-modern\" id=\"wpforms-5153\"><form id=\"wpforms-form-5153\" class=\"wpforms-validate wpforms-form wpforms-ajax-form\" data-formid=\"5153\" method=\"post\" enctype=\"multipart\/form-data\" action=\"\/en\/wp-json\/wp\/v2\/pages\/5147\" data-token=\"0b113e852e63e3bb0f9363b40e861c3c\" data-token-time=\"1778592247\"><div class=\"wpforms-head-container\"><\/div><noscript class=\"wpforms-error-noscript\">Please enable JavaScript in your browser to complete this form.<\/noscript><div id=\"wpforms-error-noscript\" style=\"display: none;\">Please enable JavaScript in your browser to complete this form.<\/div><div class=\"wpforms-field-container\"><div id=\"wpforms-5153-field_1-container\" class=\"wpforms-field wpforms-field-name\" data-field-id=\"1\"><label class=\"wpforms-field-label\" for=\"wpforms-5153-field_1\">Nimi <span class=\"wpforms-required-label\" aria-hidden=\"true\">*<\/span><\/label><input type=\"text\" id=\"wpforms-5153-field_1\" class=\"wpforms-field-medium wpforms-field-required\" name=\"wpforms[fields][1]\" aria-errormessage=\"wpforms-5153-field_1-error\" required><\/div><div id=\"wpforms-5153-field_2-container\" class=\"wpforms-field wpforms-field-email\" data-field-id=\"2\"><label class=\"wpforms-field-label\" for=\"wpforms-5153-field_2\">Email <span class=\"wpforms-required-label\" aria-hidden=\"true\">*<\/span><\/label><input type=\"email\" id=\"wpforms-5153-field_2\" class=\"wpforms-field-medium wpforms-field-required\" name=\"wpforms[fields][2]\" spellcheck=\"false\" aria-errormessage=\"wpforms-5153-field_2-error\" required><\/div><div id=\"wpforms-5153-field_6-container\" class=\"wpforms-field wpforms-field-checkbox\" data-field-id=\"6\"><fieldset><legend class=\"wpforms-field-label\">Mit\u00e4 haluat myyntiin Tritonukseen?<\/legend><ul id=\"wpforms-5153-field_6\"><li class=\"choice-1 depth-1\"><input type=\"checkbox\" id=\"wpforms-5153-field_6_1\" name=\"wpforms[fields][6][]\" value=\"CD-levyni\" aria-errormessage=\"wpforms-5153-field_6_1-error\"  ><label class=\"wpforms-field-label-inline\" for=\"wpforms-5153-field_6_1\">CD-levyni<\/label><\/li><li class=\"choice-2 depth-1\"><input type=\"checkbox\" id=\"wpforms-5153-field_6_2\" name=\"wpforms[fields][6][]\" value=\"LP-levyni\" aria-errormessage=\"wpforms-5153-field_6_2-error\"  ><label class=\"wpforms-field-label-inline\" for=\"wpforms-5153-field_6_2\">LP-levyni<\/label><\/li><li class=\"choice-3 depth-1\"><input type=\"checkbox\" id=\"wpforms-5153-field_6_3\" name=\"wpforms[fields][6][]\" value=\"Merchandise-tuotteeni\" aria-errormessage=\"wpforms-5153-field_6_3-error\"  ><label class=\"wpforms-field-label-inline\" for=\"wpforms-5153-field_6_3\">Merchandise-tuotteeni<\/label><\/li><\/ul><\/fieldset><\/div>\t\t<div id=\"wpforms-5153-field_4-container\"\n\t\t\tclass=\"wpforms-field wpforms-field-text\"\n\t\t\tdata-field-type=\"text\"\n\t\t\tdata-field-id=\"4\"\n\t\t\t>\n\t\t\t<label class=\"wpforms-field-label\" for=\"wpforms-5153-field_4\" >Tritonukseen? haluat Lis\u00e4tietoa<\/label>\n\t\t\t<input type=\"text\" id=\"wpforms-5153-field_4\" class=\"wpforms-field-medium\" name=\"wpforms[fields][4]\" >\n\t\t<\/div>\n\t\t<div id=\"wpforms-5153-field_3-container\" class=\"wpforms-field wpforms-field-textarea\" data-field-id=\"3\"><label class=\"wpforms-field-label\" for=\"wpforms-5153-field_3\">Lis\u00e4tietoa <span class=\"wpforms-required-label\" aria-hidden=\"true\">*<\/span><\/label><textarea id=\"wpforms-5153-field_3\" class=\"wpforms-field-medium wpforms-field-required\" name=\"wpforms[fields][3]\" aria-errormessage=\"wpforms-5153-field_3-error\" required><\/textarea><\/div><script>\n\t\t\t\t( function() {\n\t\t\t\t\tconst style = document.createElement( 'style' );\n\t\t\t\t\tstyle.appendChild( document.createTextNode( '#wpforms-5153-field_4-container { position: absolute !important; overflow: hidden !important; display: inline !important; height: 1px !important; width: 1px !important; z-index: -1000 !important; padding: 0 !important; } #wpforms-5153-field_4-container input { visibility: hidden; } #wpforms-conversational-form-page #wpforms-5153-field_4-container label { counter-increment: none; }' ) );\n\t\t\t\t\tdocument.head.appendChild( style );\n\t\t\t\t\tdocument.currentScript?.remove();\n\t\t\t\t} )();\n\t\t\t<\/script><\/div><!-- .wpforms-field-container --><div class=\"wpforms-submit-container\" ><input type=\"hidden\" name=\"wpforms[id]\" value=\"5153\"><input type=\"hidden\" name=\"page_title\" value=\"\"><input type=\"hidden\" name=\"page_url\" value=\"https:\/\/lingonperry.com\/en\/wp-json\/wp\/v2\/pages\/5147\"><input type=\"hidden\" name=\"url_referer\" value=\"\"><button type=\"submit\" name=\"wpforms[submit]\" id=\"wpforms-submit-5153\" class=\"wpforms-submit\" data-alt-text=\"L\u00e4hett\u00e4\u00e4...\" data-submit-text=\"L\u00e4het\u00e4\" aria-live=\"assertive\" value=\"wpforms-submit\">L\u00e4het\u00e4<\/button><img decoding=\"async\" src=\"https:\/\/lingonperry.com\/wp-content\/plugins\/wpforms-lite\/assets\/images\/submit-spin.svg\" class=\"wpforms-submit-spinner\" style=\"display: none;\" width=\"26\" height=\"26\" alt=\"Loading\"><\/div><\/form><\/div>  <!-- .wpforms-container -->            <\/div>\n\t\t\t\t<\/div>\n\t\t\t\t<\/div>\n\t\t\t\t<\/div>\n\t\t\t\t\t<\/div>\n\t\t\t\t<\/div>\n\t\t\t\t<\/div>\n\t\t","protected":false},"excerpt":{"rendered":"<p>Tuo levysi myyntiin \u2014 Tritonus-levykauppa Tritonus-levykauppa palvelee sek\u00e4 netiss\u00e4 ett\u00e4 Tampere-talon aulassa ja tarjoaa kaupungin parhaan klassisen- ja jazz-musiikin valikoiman lis\u00e4ksi monipuolisen kattauksen eri tyylilajien helmi\u00e4. Jatkossa Tritonus-levykaupasta l\u00f6ytyy my\u00f6s oma osasto Lingonperry-artisteille! Jos haluat siis omat levyt ja merchandise-tuotteet myyntiin laadukkaaseen verkkokauppaan ja Tritonuksen myym\u00e4l\u00e4\u00e4n, ota yhteytt\u00e4, niin r\u00e4\u00e4t\u00e4l\u00f6id\u00e4\u00e4n sinulle oma Lingonperry-jakelusopimus! Please enable [&hellip;]<\/p>\n","protected":false},"author":3,"featured_media":0,"parent":0,"menu_order":0,"comment_status":"closed","ping_status":"closed","template":"","meta":{"_acf_changed":false,"footnotes":""},"class_list":["post-5147","page","type-page","status-publish","hentry"],"acf":[],"_links":{"self":[{"href":"https:\/\/lingonperry.com\/en\/wp-json\/wp\/v2\/pages\/5147","targetHints":{"allow":["GET"]}}],"collection":[{"href":"https:\/\/lingonperry.com\/en\/wp-json\/wp\/v2\/pages"}],"about":[{"href":"https:\/\/lingonperry.com\/en\/wp-json\/wp\/v2\/types\/page"}],"author":[{"embeddable":true,"href":"https:\/\/lingonperry.com\/en\/wp-json\/wp\/v2\/users\/3"}],"replies":[{"embeddable":true,"href":"https:\/\/lingonperry.com\/en\/wp-json\/wp\/v2\/comments?post=5147"}],"version-history":[{"count":34,"href":"https:\/\/lingonperry.com\/en\/wp-json\/wp\/v2\/pages\/5147\/revisions"}],"predecessor-version":[{"id":5254,"href":"https:\/\/lingonperry.com\/en\/wp-json\/wp\/v2\/pages\/5147\/revisions\/5254"}],"wp:attachment":[{"href":"https:\/\/lingonperry.com\/en\/wp-json\/wp\/v2\/media?parent=5147"}],"curies":[{"name":"wp","href":"https:\/\/api.w.org\/{rel}","templated":true}]}}