{"id":4358,"date":"2025-09-11T12:47:14","date_gmt":"2025-09-11T12:47:14","guid":{"rendered":"https:\/\/lingonperry.com\/?page_id=4358"},"modified":"2025-09-11T12:54:56","modified_gmt":"2025-09-11T12:54:56","slug":"viinikkalafest-2025","status":"publish","type":"page","link":"https:\/\/lingonperry.com\/en\/viinikkalafest-2025\/","title":{"rendered":"ViinikkalaFest 2025"},"content":{"rendered":"<div data-elementor-type=\"wp-page\" data-elementor-id=\"4358\" class=\"elementor elementor-4358\" data-elementor-post-type=\"page\">\n\t\t\t\t\t\t<section class=\"elementor-section elementor-top-section elementor-element elementor-element-5cb625d elementor-section-boxed elementor-section-height-default elementor-section-height-default\" data-id=\"5cb625d\" data-element_type=\"section\" data-e-type=\"section\">\n\t\t\t\t\t\t<div class=\"elementor-container elementor-column-gap-default\">\n\t\t\t\t\t<div class=\"elementor-column elementor-col-100 elementor-top-column elementor-element elementor-element-3c2ab32\" data-id=\"3c2ab32\" data-element_type=\"column\" data-e-type=\"column\" data-settings=\"{&quot;background_background&quot;:&quot;classic&quot;}\">\n\t\t\t<div class=\"elementor-widget-wrap elementor-element-populated\">\n\t\t\t\t\t<div class=\"elementor-background-overlay\"><\/div>\n\t\t\t\t\t\t<div class=\"elementor-element elementor-element-55e253a elementor-widget elementor-widget-image\" data-id=\"55e253a\" data-element_type=\"widget\" data-e-type=\"widget\" data-widget_type=\"image.default\">\n\t\t\t\t<div class=\"elementor-widget-container\">\n\t\t\t\t\t\t\t\t\t\t\t\t\t\t\t<img fetchpriority=\"high\" decoding=\"async\" width=\"400\" height=\"400\" src=\"https:\/\/lingonperry.com\/wp-content\/uploads\/2025\/09\/viinikkala-fest-tunnus-rgb400.png\" class=\"attachment-medium_large size-medium_large wp-image-4279\" alt=\"ViinikkalaFest-logo\" srcset=\"https:\/\/lingonperry.com\/wp-content\/uploads\/2025\/09\/viinikkala-fest-tunnus-rgb400.png 400w, https:\/\/lingonperry.com\/wp-content\/uploads\/2025\/09\/viinikkala-fest-tunnus-rgb400-300x300.png 300w, https:\/\/lingonperry.com\/wp-content\/uploads\/2025\/09\/viinikkala-fest-tunnus-rgb400-150x150.png 150w, https:\/\/lingonperry.com\/wp-content\/uploads\/2025\/09\/viinikkala-fest-tunnus-rgb400-12x12.png 12w\" sizes=\"(max-width: 400px) 100vw, 400px\" \/>\t\t\t\t\t\t\t\t\t\t\t\t\t\t\t<\/div>\n\t\t\t\t<\/div>\n\t\t\t\t<div class=\"elementor-element elementor-element-116e943 elementor-widget elementor-widget-heading\" data-id=\"116e943\" data-element_type=\"widget\" data-e-type=\"widget\" data-widget_type=\"heading.default\">\n\t\t\t\t<div class=\"elementor-widget-container\">\n\t\t\t\t\t<h1 class=\"elementor-heading-title elementor-size-default\">ViinikkalaFest 2025<\/h1>\t\t\t\t<\/div>\n\t\t\t\t<\/div>\n\t\t\t\t<section class=\"elementor-section elementor-inner-section elementor-element elementor-element-c348375 elementor-section-boxed elementor-section-height-default elementor-section-height-default\" data-id=\"c348375\" data-element_type=\"section\" data-e-type=\"section\" data-settings=\"{&quot;background_background&quot;:&quot;classic&quot;}\">\n\t\t\t\t\t\t<div class=\"elementor-container elementor-column-gap-default\">\n\t\t\t\t\t<div class=\"elementor-column elementor-col-50 elementor-inner-column elementor-element elementor-element-58195cc\" data-id=\"58195cc\" data-element_type=\"column\" data-e-type=\"column\" data-settings=\"{&quot;background_background&quot;:&quot;slideshow&quot;,&quot;background_slideshow_gallery&quot;:[],&quot;background_slideshow_loop&quot;:&quot;yes&quot;,&quot;background_slideshow_slide_duration&quot;:5000,&quot;background_slideshow_slide_transition&quot;:&quot;fade&quot;,&quot;background_slideshow_transition_duration&quot;:500}\">\n\t\t\t<div class=\"elementor-widget-wrap elementor-element-populated\">\n\t\t\t\t\t\t<div class=\"elementor-element elementor-element-a5ebbc5 elementor-widget elementor-widget-text-editor\" data-id=\"a5ebbc5\" data-element_type=\"widget\" data-e-type=\"widget\" data-widget_type=\"text-editor.default\">\n\t\t\t\t<div class=\"elementor-widget-container\">\n\t\t\t\t\t\t\t\t\t<p>ViinikkalaFest 2025 oli Etel\u00e4-Tampereen yhteinen kyl\u00e4festari, joka tarjosi monipuolisia el\u00e4myksi\u00e4 koko perheelle. Paikalla oli yli 40 n\u00e4ytteilleasettajaa, Lingonperry ja Radio Into mukaan lukien. My\u00f6s Lingonperryn artisteja oli tapahtumassa mukana esiintym\u00e4ss\u00e4: <a href=\"https:\/\/app.lingonperry.com\/artist\/17824fe4-5146-434a-bb2a-cba72069d9e4\" target=\"_blank\" rel=\"noopener\">Maco Oey<\/a>, <a href=\"https:\/\/app.lingonperry.com\/artist\/d3f12dfe-b82b-4b99-872b-867da61fb4d3\">April Skies<\/a>, <a href=\"https:\/\/app.lingonperry.com\/artist\/43a292ec-3ecc-4be6-860e-b94432cf543a\" target=\"_blank\" rel=\"noopener\">Stenari<\/a>, <a href=\"https:\/\/app.lingonperry.com\/artist\/a3184395-4ed5-47d6-8fab-d0383b9d96bc\">Pamela Kilpel\u00e4inen<\/a>, <a href=\"https:\/\/app.lingonperry.com\/artist\/750b9e9d-8042-4a0b-aac8-4d2b3ffcab4c\">Juha Saunala<\/a>, <a href=\"https:\/\/app.lingonperry.com\/artist\/5eae541e-fa59-4aaf-ad0f-cc3bf7e7b844\">Maria Milvus<\/a>, <a href=\"https:\/\/app.lingonperry.com\/artist\/24b2f86f-4f35-460d-bf9d-632c70cc1961\">V\u00e4llis<\/a> ja <a href=\"https:\/\/app.lingonperry.com\/artist\/d80f6302-1095-4b14-9619-ea08bd142db8\">Aro<\/a>.<\/p><p>Kiitos kaikille, jotka olivat paikalla!<\/p>\t\t\t\t\t\t\t\t<\/div>\n\t\t\t\t<\/div>\n\t\t\t\t\t<\/div>\n\t\t<\/div>\n\t\t\t\t<div class=\"elementor-column elementor-col-50 elementor-inner-column elementor-element elementor-element-75b9a60\" data-id=\"75b9a60\" data-element_type=\"column\" data-e-type=\"column\" data-settings=\"{&quot;background_background&quot;:&quot;slideshow&quot;,&quot;background_slideshow_gallery&quot;:[],&quot;background_slideshow_loop&quot;:&quot;yes&quot;,&quot;background_slideshow_slide_duration&quot;:5000,&quot;background_slideshow_slide_transition&quot;:&quot;fade&quot;,&quot;background_slideshow_transition_duration&quot;:500}\">\n\t\t\t<div class=\"elementor-widget-wrap elementor-element-populated\">\n\t\t\t\t\t\t<div class=\"elementor-element elementor-element-31f9d40 elementor-widget elementor-widget-gallery\" data-id=\"31f9d40\" data-element_type=\"widget\" data-e-type=\"widget\" data-settings=\"{&quot;columns&quot;:3,&quot;lazyload&quot;:&quot;yes&quot;,&quot;gallery_layout&quot;:&quot;grid&quot;,&quot;columns_tablet&quot;:2,&quot;columns_mobile&quot;:1,&quot;gap&quot;:{&quot;unit&quot;:&quot;px&quot;,&quot;size&quot;:10,&quot;sizes&quot;:[]},&quot;gap_tablet&quot;:{&quot;unit&quot;:&quot;px&quot;,&quot;size&quot;:10,&quot;sizes&quot;:[]},&quot;gap_mobile&quot;:{&quot;unit&quot;:&quot;px&quot;,&quot;size&quot;:10,&quot;sizes&quot;:[]},&quot;link_to&quot;:&quot;file&quot;,&quot;aspect_ratio&quot;:&quot;3:2&quot;,&quot;overlay_background&quot;:&quot;yes&quot;,&quot;content_hover_animation&quot;:&quot;fade-in&quot;}\" data-widget_type=\"gallery.default\">\n\t\t\t\t<div class=\"elementor-widget-container\">\n\t\t\t\t\t\t\t<div class=\"elementor-gallery__container\">\n\t\t\t\t\t\t\t<a class=\"e-gallery-item elementor-gallery-item elementor-animated-content\" href=\"https:\/\/lingonperry.com\/wp-content\/uploads\/2025\/09\/ViinikkalaFest-2025-1.jpg\" data-elementor-open-lightbox=\"yes\" data-elementor-lightbox-slideshow=\"31f9d40\" data-elementor-lightbox-title=\"ViinikkalaFest 2025\" data-e-action-hash=\"#elementor-action%3Aaction%3Dlightbox%26settings%3DeyJpZCI6NDM2MiwidXJsIjoiaHR0cHM6XC9cL2xpbmdvbnBlcnJ5LmNvbVwvd3AtY29udGVudFwvdXBsb2Fkc1wvMjAyNVwvMDlcL1ZpaW5pa2thbGFGZXN0LTIwMjUtMS5qcGciLCJzbGlkZXNob3ciOiIzMWY5ZDQwIn0%3D\">\n\t\t\t\t\t<div class=\"e-gallery-image elementor-gallery-item__image\" data-thumbnail=\"https:\/\/lingonperry.com\/wp-content\/uploads\/2025\/09\/ViinikkalaFest-2025-1-240x300.jpg\" data-width=\"240\" data-height=\"300\" aria-label=\"\" role=\"img\" ><\/div>\n\t\t\t\t\t\t\t\t\t\t\t<div class=\"elementor-gallery-item__overlay\"><\/div>\n\t\t\t\t\t\t\t\t\t\t\t\t\t\t<\/a>\n\t\t\t\t\t\t\t<a class=\"e-gallery-item elementor-gallery-item elementor-animated-content\" href=\"https:\/\/lingonperry.com\/wp-content\/uploads\/2025\/09\/ViinikkalaFest-2025-2.jpg\" data-elementor-open-lightbox=\"yes\" data-elementor-lightbox-slideshow=\"31f9d40\" data-elementor-lightbox-title=\"ViinikkalaFest 2025 2\" data-e-action-hash=\"#elementor-action%3Aaction%3Dlightbox%26settings%3DeyJpZCI6NDM2MywidXJsIjoiaHR0cHM6XC9cL2xpbmdvbnBlcnJ5LmNvbVwvd3AtY29udGVudFwvdXBsb2Fkc1wvMjAyNVwvMDlcL1ZpaW5pa2thbGFGZXN0LTIwMjUtMi5qcGciLCJzbGlkZXNob3ciOiIzMWY5ZDQwIn0%3D\">\n\t\t\t\t\t<div class=\"e-gallery-image elementor-gallery-item__image\" data-thumbnail=\"https:\/\/lingonperry.com\/wp-content\/uploads\/2025\/09\/ViinikkalaFest-2025-2-300x225.jpg\" data-width=\"300\" data-height=\"225\" aria-label=\"Lingonperry and Radio Into marked tent\" role=\"img\" ><\/div>\n\t\t\t\t\t\t\t\t\t\t\t<div class=\"elementor-gallery-item__overlay\"><\/div>\n\t\t\t\t\t\t\t\t\t\t\t\t\t\t<\/a>\n\t\t\t\t\t\t\t<a class=\"e-gallery-item elementor-gallery-item elementor-animated-content\" href=\"https:\/\/lingonperry.com\/wp-content\/uploads\/2025\/09\/ViinikkalaFest-2025-3.jpg\" data-elementor-open-lightbox=\"yes\" data-elementor-lightbox-slideshow=\"31f9d40\" data-elementor-lightbox-title=\"ViinikkalaFest 2025 3\" data-e-action-hash=\"#elementor-action%3Aaction%3Dlightbox%26settings%3DeyJpZCI6NDM2NCwidXJsIjoiaHR0cHM6XC9cL2xpbmdvbnBlcnJ5LmNvbVwvd3AtY29udGVudFwvdXBsb2Fkc1wvMjAyNVwvMDlcL1ZpaW5pa2thbGFGZXN0LTIwMjUtMy5qcGciLCJzbGlkZXNob3ciOiIzMWY5ZDQwIn0%3D\">\n\t\t\t\t\t<div class=\"e-gallery-image elementor-gallery-item__image\" data-thumbnail=\"https:\/\/lingonperry.com\/wp-content\/uploads\/2025\/09\/ViinikkalaFest-2025-3-240x300.jpg\" data-width=\"240\" data-height=\"300\" aria-label=\"A hand holding a Lingonperry flyer at an outdoors event, with a person standing arms outstreched in front of the flyer\" role=\"img\" ><\/div>\n\t\t\t\t\t\t\t\t\t\t\t<div class=\"elementor-gallery-item__overlay\"><\/div>\n\t\t\t\t\t\t\t\t\t\t\t\t\t\t<\/a>\n\t\t\t\t\t<\/div>\n\t\t\t\t\t<\/div>\n\t\t\t\t<\/div>\n\t\t\t\t\t<\/div>\n\t\t<\/div>\n\t\t\t\t\t<\/div>\n\t\t<\/section>\n\t\t\t\t\t<\/div>\n\t\t<\/div>\n\t\t\t\t\t<\/div>\n\t\t<\/section>\n\t\t\t\t<\/div>","protected":false},"excerpt":{"rendered":"<p>ViinikkalaFest 2025 ViinikkalaFest 2025 oli Etel\u00e4-Tampereen yhteinen kyl\u00e4festari, joka tarjosi monipuolisia el\u00e4myksi\u00e4 koko perheelle. Paikalla oli yli 40 n\u00e4ytteilleasettajaa, Lingonperry ja Radio Into mukaan lukien. My\u00f6s Lingonperryn artisteja oli tapahtumassa mukana esiintym\u00e4ss\u00e4: Maco Oey, April Skies, Stenari, Pamela Kilpel\u00e4inen, Juha Saunala, Maria Milvus, V\u00e4llis ja Aro. Kiitos kaikille, jotka olivat paikalla!<\/p>","protected":false},"author":3,"featured_media":0,"parent":0,"menu_order":0,"comment_status":"closed","ping_status":"closed","template":"","meta":{"_acf_changed":false,"footnotes":""},"class_list":["post-4358","page","type-page","status-publish","hentry"],"acf":[],"_links":{"self":[{"href":"https:\/\/lingonperry.com\/en\/wp-json\/wp\/v2\/pages\/4358","targetHints":{"allow":["GET"]}}],"collection":[{"href":"https:\/\/lingonperry.com\/en\/wp-json\/wp\/v2\/pages"}],"about":[{"href":"https:\/\/lingonperry.com\/en\/wp-json\/wp\/v2\/types\/page"}],"author":[{"embeddable":true,"href":"https:\/\/lingonperry.com\/en\/wp-json\/wp\/v2\/users\/3"}],"replies":[{"embeddable":true,"href":"https:\/\/lingonperry.com\/en\/wp-json\/wp\/v2\/comments?post=4358"}],"version-history":[{"count":8,"href":"https:\/\/lingonperry.com\/en\/wp-json\/wp\/v2\/pages\/4358\/revisions"}],"predecessor-version":[{"id":4370,"href":"https:\/\/lingonperry.com\/en\/wp-json\/wp\/v2\/pages\/4358\/revisions\/4370"}],"wp:attachment":[{"href":"https:\/\/lingonperry.com\/en\/wp-json\/wp\/v2\/media?parent=4358"}],"curies":[{"name":"wp","href":"https:\/\/api.w.org\/{rel}","templated":true}]}}