{"id":3871,"date":"2025-07-22T13:38:30","date_gmt":"2025-07-22T13:38:30","guid":{"rendered":"https:\/\/lingonperry.com\/?page_id=3871"},"modified":"2026-04-01T12:03:46","modified_gmt":"2026-04-01T12:03:46","slug":"yhteydenotto","status":"publish","type":"page","link":"https:\/\/lingonperry.com\/en\/yhteydenotto\/","title":{"rendered":"Yhteydenotto"},"content":{"rendered":"\t\t<div data-elementor-type=\"wp-page\" data-elementor-id=\"3871\" class=\"elementor elementor-3871\" data-elementor-post-type=\"page\">\n\t\t\t\t\t\t<section class=\"elementor-section elementor-top-section elementor-element elementor-element-72b1ba9 elementor-section-boxed elementor-section-height-default elementor-section-height-default\" data-id=\"72b1ba9\" data-element_type=\"section\" data-e-type=\"section\">\n\t\t\t\t\t\t<div class=\"elementor-container elementor-column-gap-default\">\n\t\t\t\t\t<div class=\"elementor-column elementor-col-100 elementor-top-column elementor-element elementor-element-8dd07ce\" data-id=\"8dd07ce\" data-element_type=\"column\" data-e-type=\"column\" data-settings=\"{&quot;background_background&quot;:&quot;classic&quot;}\">\n\t\t\t<div class=\"elementor-widget-wrap elementor-element-populated\">\n\t\t\t\t\t\t<section class=\"elementor-section elementor-inner-section elementor-element elementor-element-28d89fa elementor-section-boxed elementor-section-height-default elementor-section-height-default\" data-id=\"28d89fa\" data-element_type=\"section\" data-e-type=\"section\">\n\t\t\t\t\t\t<div class=\"elementor-container elementor-column-gap-default\">\n\t\t\t\t\t<div class=\"elementor-column elementor-col-100 elementor-inner-column elementor-element elementor-element-c9f4be0\" data-id=\"c9f4be0\" data-element_type=\"column\" data-e-type=\"column\">\n\t\t\t<div class=\"elementor-widget-wrap elementor-element-populated\">\n\t\t\t\t\t\t<div class=\"elementor-element elementor-element-876c654 elementor-widget elementor-widget-heading\" data-id=\"876c654\" data-element_type=\"widget\" data-e-type=\"widget\" data-widget_type=\"heading.default\">\n\t\t\t\t<div class=\"elementor-widget-container\">\n\t\t\t\t\t<h1 class=\"elementor-heading-title elementor-size-default\">Ota yhteytt\u00e4!<\/h1>\t\t\t\t<\/div>\n\t\t\t\t<\/div>\n\t\t\t\t<div class=\"elementor-element elementor-element-c7f1f4f elementor-widget elementor-widget-text-editor\" data-id=\"c7f1f4f\" data-element_type=\"widget\" data-e-type=\"widget\" data-widget_type=\"text-editor.default\">\n\t\t\t\t<div class=\"elementor-widget-container\">\n\t\t\t\t\t\t\t\t\t<p>Voit ottaa meihin yhteytt\u00e4 alla olevan kaavakkeen kautta tai suoraan osoitteeseen <a href=\"mailto:info@lingonperry.com\">info@lingonperry.com<\/a>.<\/p><p>Lingonperry etsii kumppaneita, jotka haluavat olla mukana rakentamassa avoimempaa ja tasa-arvoisempaa musiikkimaailmaa ja tukiverkostoa sen ymp\u00e4rill\u00e4.<\/p><p>Ota yhteytt\u00e4, ja etsit\u00e4\u00e4n sopiva yhteisty\u00f6n malli.<\/p>\t\t\t\t\t\t\t\t<\/div>\n\t\t\t\t<\/div>\n\t\t\t\t<div class=\"elementor-element elementor-element-7e98c9c eael-wpforms-labels-yes eael-wpforms-form-button-custom elementor-widget elementor-widget-eael-wpforms\" data-id=\"7e98c9c\" data-element_type=\"widget\" data-e-type=\"widget\" data-widget_type=\"eael-wpforms.default\">\n\t\t\t\t<div class=\"elementor-widget-container\">\n\t\t\t\t\t            <div class=\"eael-contact-form eael-wpforms eael-wpforms-align-default\">\n                                <div class=\"wpforms-container wpforms-container-full wpforms-render-modern\" id=\"wpforms-4630\"><form id=\"wpforms-form-4630\" class=\"wpforms-validate wpforms-form wpforms-ajax-form\" data-formid=\"4630\" method=\"post\" enctype=\"multipart\/form-data\" action=\"\/en\/wp-json\/wp\/v2\/pages\/3871\" data-token=\"66896716743e503144f9e116b16aad0a\" data-token-time=\"1777558912\"><div class=\"wpforms-head-container\"><\/div><noscript class=\"wpforms-error-noscript\">Please enable JavaScript in your browser to complete this form.<\/noscript><div id=\"wpforms-error-noscript\" style=\"display: none;\">Please enable JavaScript in your browser to complete this form.<\/div><div class=\"wpforms-field-container\"><div id=\"wpforms-4630-field_1-container\" class=\"wpforms-field wpforms-field-name\" data-field-id=\"1\"><label class=\"wpforms-field-label\" for=\"wpforms-4630-field_1\">Nimi <span class=\"wpforms-required-label\" aria-hidden=\"true\">*<\/span><\/label><input type=\"text\" id=\"wpforms-4630-field_1\" class=\"wpforms-field-medium wpforms-field-required\" name=\"wpforms[fields][1]\" aria-errormessage=\"wpforms-4630-field_1-error\" required><\/div>\t\t<div id=\"wpforms-4630-field_5-container\"\n\t\t\tclass=\"wpforms-field wpforms-field-text\"\n\t\t\tdata-field-type=\"text\"\n\t\t\tdata-field-id=\"5\"\n\t\t\t>\n\t\t\t<label class=\"wpforms-field-label\" for=\"wpforms-4630-field_5\" >asiasi Email Nimi<\/label>\n\t\t\t<input type=\"text\" id=\"wpforms-4630-field_5\" class=\"wpforms-field-medium\" name=\"wpforms[fields][5]\" >\n\t\t<\/div>\n\t\t<div id=\"wpforms-4630-field_2-container\" class=\"wpforms-field wpforms-field-email\" data-field-id=\"2\"><label class=\"wpforms-field-label\" for=\"wpforms-4630-field_2\">Email <span class=\"wpforms-required-label\" aria-hidden=\"true\">*<\/span><\/label><input type=\"email\" id=\"wpforms-4630-field_2\" class=\"wpforms-field-medium wpforms-field-required\" name=\"wpforms[fields][2]\" spellcheck=\"false\" aria-errormessage=\"wpforms-4630-field_2-error\" required><\/div><div id=\"wpforms-4630-field_4-container\" class=\"wpforms-field wpforms-field-radio\" data-field-id=\"4\"><fieldset><legend class=\"wpforms-field-label\">Mit\u00e4 asiasi koskee? <span class=\"wpforms-required-label\" aria-hidden=\"true\">*<\/span><\/legend><ul id=\"wpforms-4630-field_4\" class=\"wpforms-field-required\"><li class=\"choice-1 depth-1\"><input type=\"radio\" id=\"wpforms-4630-field_4_1\" name=\"wpforms[fields][4]\" value=\"Palaute Lingonperry-alustasta\" aria-errormessage=\"wpforms-4630-field_4_1-error\" required ><label class=\"wpforms-field-label-inline\" for=\"wpforms-4630-field_4_1\">Palaute Lingonperry-alustasta<\/label><\/li><li class=\"choice-2 depth-1\"><input type=\"radio\" id=\"wpforms-4630-field_4_2\" name=\"wpforms[fields][4]\" value=\"Lingonperry Liveklubi\" aria-errormessage=\"wpforms-4630-field_4_2-error\" required ><label class=\"wpforms-field-label-inline\" for=\"wpforms-4630-field_4_2\">Lingonperry Liveklubi<\/label><\/li><li class=\"choice-3 depth-1\"><input type=\"radio\" id=\"wpforms-4630-field_4_3\" name=\"wpforms[fields][4]\" value=\"Yhteisty\u00f6mahdollisuus\" aria-errormessage=\"wpforms-4630-field_4_3-error\" required ><label class=\"wpforms-field-label-inline\" for=\"wpforms-4630-field_4_3\">Yhteisty\u00f6mahdollisuus<\/label><\/li><li class=\"choice-4 depth-1\"><input type=\"radio\" id=\"wpforms-4630-field_4_4\" name=\"wpforms[fields][4]\" value=\"Tekij\u00e4noikeusrike\" aria-errormessage=\"wpforms-4630-field_4_4-error\" required ><label class=\"wpforms-field-label-inline\" for=\"wpforms-4630-field_4_4\">Tekij\u00e4noikeusrike<\/label><\/li><li class=\"choice-5 depth-1\"><input type=\"radio\" id=\"wpforms-4630-field_4_5\" name=\"wpforms[fields][4]\" value=\"Muu (selit\u00e4 alla)\" aria-errormessage=\"wpforms-4630-field_4_5-error\" required ><label class=\"wpforms-field-label-inline\" for=\"wpforms-4630-field_4_5\">Muu (selit\u00e4 alla)<\/label><\/li><\/ul><\/fieldset><\/div><div id=\"wpforms-4630-field_3-container\" class=\"wpforms-field wpforms-field-textarea\" data-field-id=\"3\"><label class=\"wpforms-field-label\" for=\"wpforms-4630-field_3\">Viestisi meille <span class=\"wpforms-required-label\" aria-hidden=\"true\">*<\/span><\/label><textarea id=\"wpforms-4630-field_3\" class=\"wpforms-field-medium wpforms-field-required\" name=\"wpforms[fields][3]\" aria-errormessage=\"wpforms-4630-field_3-error\" required><\/textarea><\/div><script>\n\t\t\t\t( function() {\n\t\t\t\t\tconst style = document.createElement( 'style' );\n\t\t\t\t\tstyle.appendChild( document.createTextNode( '#wpforms-4630-field_5-container { position: absolute !important; overflow: hidden !important; display: inline !important; height: 1px !important; width: 1px !important; z-index: -1000 !important; padding: 0 !important; } #wpforms-4630-field_5-container input { visibility: hidden; } #wpforms-conversational-form-page #wpforms-4630-field_5-container label { counter-increment: none; }' ) );\n\t\t\t\t\tdocument.head.appendChild( style );\n\t\t\t\t\tdocument.currentScript?.remove();\n\t\t\t\t} )();\n\t\t\t<\/script><\/div><!-- .wpforms-field-container --><div class=\"wpforms-submit-container\" ><input type=\"hidden\" name=\"wpforms[id]\" value=\"4630\"><input type=\"hidden\" name=\"page_title\" value=\"\"><input type=\"hidden\" name=\"page_url\" value=\"https:\/\/lingonperry.com\/en\/wp-json\/wp\/v2\/pages\/3871\"><input type=\"hidden\" name=\"url_referer\" value=\"\"><button type=\"submit\" name=\"wpforms[submit]\" id=\"wpforms-submit-4630\" class=\"wpforms-submit\" data-alt-text=\"L\u00e4hett\u00e4\u00e4...\" data-submit-text=\"L\u00e4het\u00e4\" aria-live=\"assertive\" value=\"wpforms-submit\">L\u00e4het\u00e4<\/button><img decoding=\"async\" src=\"https:\/\/lingonperry.com\/wp-content\/plugins\/wpforms-lite\/assets\/images\/submit-spin.svg\" class=\"wpforms-submit-spinner\" style=\"display: none;\" width=\"26\" height=\"26\" alt=\"Loading\"><\/div><\/form><\/div>  <!-- .wpforms-container -->            <\/div>\n\t\t\t\t<\/div>\n\t\t\t\t<\/div>\n\t\t\t\t\t<\/div>\n\t\t<\/div>\n\t\t\t\t\t<\/div>\n\t\t<\/section>\n\t\t\t\t\t<\/div>\n\t\t<\/div>\n\t\t\t\t\t<\/div>\n\t\t<\/section>\n\t\t\t\t<\/div>\n\t\t","protected":false},"excerpt":{"rendered":"<p>Ota yhteytt\u00e4! Voit ottaa meihin yhteytt\u00e4 alla olevan kaavakkeen kautta tai suoraan osoitteeseen info@lingonperry.com. Lingonperry etsii kumppaneita, jotka haluavat olla mukana rakentamassa avoimempaa ja tasa-arvoisempaa musiikkimaailmaa ja tukiverkostoa sen ymp\u00e4rill\u00e4. Ota yhteytt\u00e4, ja etsit\u00e4\u00e4n sopiva yhteisty\u00f6n malli. Please enable JavaScript in your browser to complete this form.Please enable JavaScript in your browser to complete this [&hellip;]<\/p>\n","protected":false},"author":3,"featured_media":0,"parent":0,"menu_order":0,"comment_status":"closed","ping_status":"closed","template":"","meta":{"_acf_changed":false,"footnotes":""},"class_list":["post-3871","page","type-page","status-publish","hentry"],"acf":[],"_links":{"self":[{"href":"https:\/\/lingonperry.com\/en\/wp-json\/wp\/v2\/pages\/3871","targetHints":{"allow":["GET"]}}],"collection":[{"href":"https:\/\/lingonperry.com\/en\/wp-json\/wp\/v2\/pages"}],"about":[{"href":"https:\/\/lingonperry.com\/en\/wp-json\/wp\/v2\/types\/page"}],"author":[{"embeddable":true,"href":"https:\/\/lingonperry.com\/en\/wp-json\/wp\/v2\/users\/3"}],"replies":[{"embeddable":true,"href":"https:\/\/lingonperry.com\/en\/wp-json\/wp\/v2\/comments?post=3871"}],"version-history":[{"count":31,"href":"https:\/\/lingonperry.com\/en\/wp-json\/wp\/v2\/pages\/3871\/revisions"}],"predecessor-version":[{"id":5331,"href":"https:\/\/lingonperry.com\/en\/wp-json\/wp\/v2\/pages\/3871\/revisions\/5331"}],"wp:attachment":[{"href":"https:\/\/lingonperry.com\/en\/wp-json\/wp\/v2\/media?parent=3871"}],"curies":[{"name":"wp","href":"https:\/\/api.w.org\/{rel}","templated":true}]}}