{"id":3787,"date":"2025-07-15T17:59:46","date_gmt":"2025-07-15T17:59:46","guid":{"rendered":"https:\/\/lingonperry.com\/?page_id=3787"},"modified":"2025-07-28T13:50:04","modified_gmt":"2025-07-28T13:50:04","slug":"kokeile","status":"publish","type":"page","link":"https:\/\/lingonperry.com\/en\/kokeile\/","title":{"rendered":"Kokeile nyt!"},"content":{"rendered":"<div data-elementor-type=\"wp-page\" data-elementor-id=\"3787\" class=\"elementor elementor-3787\" data-elementor-post-type=\"page\">\n\t\t\t\t\t\t<section class=\"elementor-section elementor-top-section elementor-element elementor-element-8ed3967 elementor-section-boxed elementor-section-height-default elementor-section-height-default\" data-id=\"8ed3967\" data-element_type=\"section\" data-e-type=\"section\">\n\t\t\t\t\t\t<div class=\"elementor-container elementor-column-gap-default\">\n\t\t\t\t\t<div class=\"elementor-column elementor-col-100 elementor-top-column elementor-element elementor-element-bd74e53\" data-id=\"bd74e53\" data-element_type=\"column\" data-e-type=\"column\" data-settings=\"{&quot;background_background&quot;:&quot;classic&quot;}\">\n\t\t\t<div class=\"elementor-widget-wrap elementor-element-populated\">\n\t\t\t\t\t\t<section class=\"elementor-section elementor-inner-section elementor-element elementor-element-7103645 elementor-section-boxed elementor-section-height-default elementor-section-height-default\" data-id=\"7103645\" data-element_type=\"section\" data-e-type=\"section\">\n\t\t\t\t\t\t<div class=\"elementor-container elementor-column-gap-default\">\n\t\t\t\t\t<div class=\"elementor-column elementor-col-100 elementor-inner-column elementor-element elementor-element-5b51903\" data-id=\"5b51903\" data-element_type=\"column\" data-e-type=\"column\">\n\t\t\t<div class=\"elementor-widget-wrap elementor-element-populated\">\n\t\t\t\t\t\t<div class=\"elementor-element elementor-element-47a812b elementor-widget elementor-widget-image\" data-id=\"47a812b\" data-element_type=\"widget\" data-e-type=\"widget\" data-widget_type=\"image.default\">\n\t\t\t\t<div class=\"elementor-widget-container\">\n\t\t\t\t\t\t\t\t\t\t\t\t\t\t\t<img decoding=\"async\" width=\"401\" height=\"92\" src=\"https:\/\/lingonperry.com\/wp-content\/uploads\/2024\/02\/Lingonperry-logo.png\" class=\"attachment-large size-large wp-image-533\" alt=\"Lingonperry logo\" srcset=\"https:\/\/lingonperry.com\/wp-content\/uploads\/2024\/02\/Lingonperry-logo.png 401w, https:\/\/lingonperry.com\/wp-content\/uploads\/2024\/02\/Lingonperry-logo-300x69.png 300w, https:\/\/lingonperry.com\/wp-content\/uploads\/2024\/02\/elementor\/thumbs\/Lingonperry-logo-qjozxb6kbcw4cgwflvyfkbkv9yw65v6vv3wjkf3it0.png 220w\" sizes=\"(max-width: 401px) 100vw, 401px\" \/>\t\t\t\t\t\t\t\t\t\t\t\t\t\t\t<\/div>\n\t\t\t\t<\/div>\n\t\t\t\t<div class=\"elementor-element elementor-element-a4b07d4 elementor-widget elementor-widget-heading\" data-id=\"a4b07d4\" data-element_type=\"widget\" data-e-type=\"widget\" data-widget_type=\"heading.default\">\n\t\t\t\t<div class=\"elementor-widget-container\">\n\t\t\t\t\t<h1 class=\"elementor-heading-title elementor-size-default\">The New Home of New Music<\/h1>\t\t\t\t<\/div>\n\t\t\t\t<\/div>\n\t\t\t\t<div class=\"elementor-element elementor-element-61e68db elementor-widget elementor-widget-heading\" data-id=\"61e68db\" data-element_type=\"widget\" data-e-type=\"widget\" data-widget_type=\"heading.default\">\n\t\t\t\t<div class=\"elementor-widget-container\">\n\t\t\t\t\t<h2 class=\"elementor-heading-title elementor-size-default\">Kokeile maksutta 1 kuukausi \u2013 ilman sitoutumista<\/h2>\t\t\t\t<\/div>\n\t\t\t\t<\/div>\n\t\t\t\t<div class=\"elementor-element elementor-element-57c3855 elementor-widget elementor-widget-text-editor\" data-id=\"57c3855\" data-element_type=\"widget\" data-e-type=\"widget\" data-widget_type=\"text-editor.default\">\n\t\t\t\t<div class=\"elementor-widget-container\">\n\t\t\t\t\t\t\t\t\t<p>Lingonperry on uusi kotimainen reilumpi musiikkialusta, jossa jokainen kuuntelu tuo rojalteja artistille. Lis\u00e4ksi tuomme artisteille keikkamahdollisuuksia sek\u00e4 rakennamme alustaa artistien ja kuuntelijoiden kanssa.<br \/>Kuuntelijana p\u00e4\u00e4set siis kuulemaan uusia nousevia t\u00e4hti\u00e4 ensimm\u00e4isen\u00e4 ja olemaan mukana tukemassa heit\u00e4 alusta asti.<\/p>\n<p>Olemme Aidosti Artistin Asialla, Aina.<\/p>\n<ul>\n<li>Rekister\u00f6idy nyt \u2192 <strong>1 kk<\/strong> maksutta!<\/li>\n<li>Ei piilokuluja, ei sitoumuksia.<\/li>\n<\/ul>\t\t\t\t\t\t\t\t<\/div>\n\t\t\t\t<\/div>\n\t\t\t\t\t<\/div>\n\t\t<\/div>\n\t\t\t\t\t<\/div>\n\t\t<\/section>\n\t\t\t\t\t<\/div>\n\t\t<\/div>\n\t\t\t\t\t<\/div>\n\t\t<\/section>\n\t\t\t\t<section class=\"elementor-section elementor-top-section elementor-element elementor-element-7b3a594 elementor-section-boxed elementor-section-height-default elementor-section-height-default\" data-id=\"7b3a594\" data-element_type=\"section\" data-e-type=\"section\">\n\t\t\t\t\t\t<div class=\"elementor-container elementor-column-gap-default\">\n\t\t\t\t\t<div class=\"elementor-column elementor-col-50 elementor-top-column elementor-element elementor-element-19166f1\" data-id=\"19166f1\" data-element_type=\"column\" data-e-type=\"column\" data-settings=\"{&quot;background_background&quot;:&quot;classic&quot;}\">\n\t\t\t<div class=\"elementor-widget-wrap elementor-element-populated\">\n\t\t\t\t\t<div class=\"elementor-background-overlay\"><\/div>\n\t\t\t\t\t\t<div class=\"elementor-element elementor-element-91ba7c9 elementor-widget elementor-widget-heading\" data-id=\"91ba7c9\" data-element_type=\"widget\" data-e-type=\"widget\" data-widget_type=\"heading.default\">\n\t\t\t\t<div class=\"elementor-widget-container\">\n\t\t\t\t\t<h2 class=\"elementor-heading-title elementor-size-default\">Kuuntelijalle<\/h2>\t\t\t\t<\/div>\n\t\t\t\t<\/div>\n\t\t\t\t<div class=\"elementor-element elementor-element-3d34662 elementor-widget elementor-widget-text-editor\" data-id=\"3d34662\" data-element_type=\"widget\" data-e-type=\"widget\" data-widget_type=\"text-editor.default\">\n\t\t\t\t<div class=\"elementor-widget-container\">\n\t\t\t\t\t\t\t\t\t<p><strong>Tee kuuntelemisesta vaikuttavaa, l\u00f6yd\u00e4 uutta musiikkia ja tue artisteja suoraan.<\/strong><\/p><ul><li>L\u00f6yd\u00e4 uusia kotimaisen indie-musiikin helmi\u00e4<\/li><li>Tue: jo ensimm\u00e4inen kuuntelukerta tukee juuri kuuntelemaasi artistia.<\/li><\/ul><p><strong>Kokeilun j\u00e4lkeen?<\/strong><br \/>Voit itse p\u00e4\u00e4tt\u00e4\u00e4 jatkatko.<\/p><p>\u2192Hinta vain <strong>5 \u20ac\/kk<\/strong> \u2013 jatka tukemista ja l\u00f6yt\u00e4mist\u00e4.<\/p>\t\t\t\t\t\t\t\t<\/div>\n\t\t\t\t<\/div>\n\t\t\t\t<section class=\"elementor-section elementor-inner-section elementor-element elementor-element-f71efc8 elementor-section-boxed elementor-section-height-default elementor-section-height-default\" data-id=\"f71efc8\" data-element_type=\"section\" data-e-type=\"section\">\n\t\t\t\t\t\t<div class=\"elementor-container elementor-column-gap-custom\">\n\t\t\t\t\t<div class=\"elementor-column elementor-col-50 elementor-inner-column elementor-element elementor-element-9bffc3d\" data-id=\"9bffc3d\" data-element_type=\"column\" data-e-type=\"column\">\n\t\t\t<div class=\"elementor-widget-wrap elementor-element-populated\">\n\t\t\t\t\t\t<div class=\"elementor-element elementor-element-90e81c2 elementor-tablet-align-center elementor-mobile-align-center elementor-widget__width-inherit elementor-widget elementor-widget-button\" data-id=\"90e81c2\" data-element_type=\"widget\" data-e-type=\"widget\" data-widget_type=\"button.default\">\n\t\t\t\t<div class=\"elementor-widget-container\">\n\t\t\t\t\t\t\t\t\t<div class=\"elementor-button-wrapper\">\n\t\t\t\t\t<a class=\"elementor-button elementor-button-link elementor-size-sm\" href=\"https:\/\/app.lingonperry.com\/registration\/\">\n\t\t\t\t\t\t<span class=\"elementor-button-content-wrapper\">\n\t\t\t\t\t\t\t\t\t<span class=\"elementor-button-text\">Rekister\u00f6idy maksutta!<\/span>\n\t\t\t\t\t<\/span>\n\t\t\t\t\t<\/a>\n\t\t\t\t<\/div>\n\t\t\t\t\t\t\t\t<\/div>\n\t\t\t\t<\/div>\n\t\t\t\t<div class=\"elementor-element elementor-element-5bad044 elementor-tablet-align-center elementor-widget__width-inherit elementor-hidden-desktop elementor-hidden-mobile elementor-widget elementor-widget-button\" data-id=\"5bad044\" data-element_type=\"widget\" data-e-type=\"widget\" data-widget_type=\"button.default\">\n\t\t\t\t<div class=\"elementor-widget-container\">\n\t\t\t\t\t\t\t\t\t<div class=\"elementor-button-wrapper\">\n\t\t\t\t\t<a class=\"elementor-button elementor-button-link elementor-size-sm\" href=\"https:\/\/app.lingonperry.com\/registration\/\">\n\t\t\t\t\t\t<span class=\"elementor-button-content-wrapper\">\n\t\t\t\t\t\t\t\t\t<span class=\"elementor-button-text\">Read more<\/span>\n\t\t\t\t\t<\/span>\n\t\t\t\t\t<\/a>\n\t\t\t\t<\/div>\n\t\t\t\t\t\t\t\t<\/div>\n\t\t\t\t<\/div>\n\t\t\t\t\t<\/div>\n\t\t<\/div>\n\t\t\t\t<div class=\"elementor-column elementor-col-50 elementor-inner-column elementor-element elementor-element-3973ff4 elementor-hidden-tablet\" data-id=\"3973ff4\" data-element_type=\"column\" data-e-type=\"column\">\n\t\t\t<div class=\"elementor-widget-wrap elementor-element-populated\">\n\t\t\t\t\t\t<div class=\"elementor-element elementor-element-1280018 elementor-mobile-align-center elementor-widget__width-inherit elementor-widget elementor-widget-button\" data-id=\"1280018\" data-element_type=\"widget\" data-e-type=\"widget\" data-widget_type=\"button.default\">\n\t\t\t\t<div class=\"elementor-widget-container\">\n\t\t\t\t\t\t\t\t\t<div class=\"elementor-button-wrapper\">\n\t\t\t\t\t<a class=\"elementor-button elementor-button-link elementor-size-sm\" href=\"https:\/\/lingonperry.com\/en\/kuuntelijat\/\">\n\t\t\t\t\t\t<span class=\"elementor-button-content-wrapper\">\n\t\t\t\t\t\t\t\t\t<span class=\"elementor-button-text\">Read more<\/span>\n\t\t\t\t\t<\/span>\n\t\t\t\t\t<\/a>\n\t\t\t\t<\/div>\n\t\t\t\t\t\t\t\t<\/div>\n\t\t\t\t<\/div>\n\t\t\t\t\t<\/div>\n\t\t<\/div>\n\t\t\t\t\t<\/div>\n\t\t<\/section>\n\t\t\t\t\t<\/div>\n\t\t<\/div>\n\t\t\t\t<div class=\"elementor-column elementor-col-50 elementor-top-column elementor-element elementor-element-f025cbe\" data-id=\"f025cbe\" data-element_type=\"column\" data-e-type=\"column\" data-settings=\"{&quot;background_background&quot;:&quot;classic&quot;}\">\n\t\t\t<div class=\"elementor-widget-wrap elementor-element-populated\">\n\t\t\t\t\t<div class=\"elementor-background-overlay\"><\/div>\n\t\t\t\t\t\t<div class=\"elementor-element elementor-element-e028a33 elementor-widget elementor-widget-heading\" data-id=\"e028a33\" data-element_type=\"widget\" data-e-type=\"widget\" data-widget_type=\"heading.default\">\n\t\t\t\t<div class=\"elementor-widget-container\">\n\t\t\t\t\t<h2 class=\"elementor-heading-title elementor-size-default\">Artistille\/b\u00e4ndille<\/h2>\t\t\t\t<\/div>\n\t\t\t\t<\/div>\n\t\t\t\t<div class=\"elementor-element elementor-element-4f14abf elementor-widget elementor-widget-text-editor\" data-id=\"4f14abf\" data-element_type=\"widget\" data-e-type=\"widget\" data-widget_type=\"text-editor.default\">\n\t\t\t\t<div class=\"elementor-widget-container\">\n\t\t\t\t\t\t\t\t\t<p><strong>Julkaise musiikkiasi ja tavoita yleis\u00f6si \u2013 helposti ja reilusti.<\/strong><\/p><ul><li>Julkaise rajattomasti musiikkia Lingonperry-alustalla<\/li><li>Ansaitse reilut rojaltit Lingonperryn omien kuuntelijoiden perusteella (User-Centric Royalty -malli)<\/li><li>Julkaise kappaleesi yhdell\u00e4 kertaa yli <strong>30 striimauspalveluun<\/strong> (Spotify, Apple Music, ym.)<\/li><li>P\u00e4\u00e4se mukaan Radio Inton soittolistalle.<\/li><\/ul><p><strong>Kokeilun j\u00e4lkeen?<\/strong><br \/>Tilaus muuttuu automaattisesti maksuttomaan <strong>Artist<\/strong>-palveluun:<\/p><ul><li>Voit edelleen julkaista musiikkia ja ansaita rojalteja Lingonperryss\u00e4<\/li><li>Halutessasi voit p\u00e4ivitt\u00e4\u00e4 takaisin Artist+ -pakettiin vain <strong>5 \u20ac\/kk<\/strong> ja jatkaa julkaisua my\u00f6s muihin suoratoistopalveluihin.<\/li><\/ul>\t\t\t\t\t\t\t\t<\/div>\n\t\t\t\t<\/div>\n\t\t\t\t<section class=\"elementor-section elementor-inner-section elementor-element elementor-element-29a6cb6 elementor-section-boxed elementor-section-height-default elementor-section-height-default\" data-id=\"29a6cb6\" data-element_type=\"section\" data-e-type=\"section\">\n\t\t\t\t\t\t<div class=\"elementor-container elementor-column-gap-custom\">\n\t\t\t\t\t<div class=\"elementor-column elementor-col-50 elementor-inner-column elementor-element elementor-element-86c49be\" data-id=\"86c49be\" data-element_type=\"column\" data-e-type=\"column\">\n\t\t\t<div class=\"elementor-widget-wrap elementor-element-populated\">\n\t\t\t\t\t\t<div class=\"elementor-element elementor-element-ca5c18c elementor-tablet-align-center elementor-mobile-align-center elementor-widget__width-inherit elementor-widget elementor-widget-button\" data-id=\"ca5c18c\" data-element_type=\"widget\" data-e-type=\"widget\" data-widget_type=\"button.default\">\n\t\t\t\t<div class=\"elementor-widget-container\">\n\t\t\t\t\t\t\t\t\t<div class=\"elementor-button-wrapper\">\n\t\t\t\t\t<a class=\"elementor-button elementor-button-link elementor-size-sm\" href=\"https:\/\/app.lingonperry.com\/registration\/\">\n\t\t\t\t\t\t<span class=\"elementor-button-content-wrapper\">\n\t\t\t\t\t\t\t\t\t<span class=\"elementor-button-text\">Aloita julkaiseminen maksutta!<\/span>\n\t\t\t\t\t<\/span>\n\t\t\t\t\t<\/a>\n\t\t\t\t<\/div>\n\t\t\t\t\t\t\t\t<\/div>\n\t\t\t\t<\/div>\n\t\t\t\t<div class=\"elementor-element elementor-element-86ce099 elementor-tablet-align-center elementor-widget__width-inherit elementor-hidden-desktop elementor-hidden-mobile elementor-widget elementor-widget-button\" data-id=\"86ce099\" data-element_type=\"widget\" data-e-type=\"widget\" data-widget_type=\"button.default\">\n\t\t\t\t<div class=\"elementor-widget-container\">\n\t\t\t\t\t\t\t\t\t<div class=\"elementor-button-wrapper\">\n\t\t\t\t\t<a class=\"elementor-button elementor-button-link elementor-size-sm\" href=\"https:\/\/app.lingonperry.com\/registration\/\">\n\t\t\t\t\t\t<span class=\"elementor-button-content-wrapper\">\n\t\t\t\t\t\t\t\t\t<span class=\"elementor-button-text\">Read more<\/span>\n\t\t\t\t\t<\/span>\n\t\t\t\t\t<\/a>\n\t\t\t\t<\/div>\n\t\t\t\t\t\t\t\t<\/div>\n\t\t\t\t<\/div>\n\t\t\t\t\t<\/div>\n\t\t<\/div>\n\t\t\t\t<div class=\"elementor-column elementor-col-50 elementor-inner-column elementor-element elementor-element-09fd888 elementor-hidden-tablet\" data-id=\"09fd888\" data-element_type=\"column\" data-e-type=\"column\">\n\t\t\t<div class=\"elementor-widget-wrap elementor-element-populated\">\n\t\t\t\t\t\t<div class=\"elementor-element elementor-element-4049459 elementor-mobile-align-center elementor-widget__width-inherit elementor-widget elementor-widget-button\" data-id=\"4049459\" data-element_type=\"widget\" data-e-type=\"widget\" data-widget_type=\"button.default\">\n\t\t\t\t<div class=\"elementor-widget-container\">\n\t\t\t\t\t\t\t\t\t<div class=\"elementor-button-wrapper\">\n\t\t\t\t\t<a class=\"elementor-button elementor-button-link elementor-size-sm\" href=\"https:\/\/lingonperry.com\/en\/artistit\/\">\n\t\t\t\t\t\t<span class=\"elementor-button-content-wrapper\">\n\t\t\t\t\t\t\t\t\t<span class=\"elementor-button-text\">Read more<\/span>\n\t\t\t\t\t<\/span>\n\t\t\t\t\t<\/a>\n\t\t\t\t<\/div>\n\t\t\t\t\t\t\t\t<\/div>\n\t\t\t\t<\/div>\n\t\t\t\t\t<\/div>\n\t\t<\/div>\n\t\t\t\t\t<\/div>\n\t\t<\/section>\n\t\t\t\t\t<\/div>\n\t\t<\/div>\n\t\t\t\t\t<\/div>\n\t\t<\/section>\n\t\t\t\t<\/div>","protected":false},"excerpt":{"rendered":"<p>Uuden Musiikin Uusi Koti Kokeile maksutta 1 kuukausi \u2013 ilman sitoutumista Lingonperry on uusi kotimainen reilumpi musiikkialusta, jossa jokainen kuuntelu tuo rojalteja artistille. Lis\u00e4ksi tuomme artisteille keikkamahdollisuuksia sek\u00e4 rakennamme alustaa artistien ja kuuntelijoiden kanssa.Kuuntelijana p\u00e4\u00e4set siis kuulemaan uusia nousevia t\u00e4hti\u00e4 ensimm\u00e4isen\u00e4 ja olemaan mukana tukemassa heit\u00e4 alusta asti. Olemme Aidosti Artistin Asialla, Aina. Rekister\u00f6idy nyt [&hellip;]<\/p>\n","protected":false},"author":3,"featured_media":0,"parent":0,"menu_order":0,"comment_status":"closed","ping_status":"closed","template":"","meta":{"_acf_changed":false,"footnotes":""},"class_list":["post-3787","page","type-page","status-publish","hentry"],"acf":[],"_links":{"self":[{"href":"https:\/\/lingonperry.com\/en\/wp-json\/wp\/v2\/pages\/3787","targetHints":{"allow":["GET"]}}],"collection":[{"href":"https:\/\/lingonperry.com\/en\/wp-json\/wp\/v2\/pages"}],"about":[{"href":"https:\/\/lingonperry.com\/en\/wp-json\/wp\/v2\/types\/page"}],"author":[{"embeddable":true,"href":"https:\/\/lingonperry.com\/en\/wp-json\/wp\/v2\/users\/3"}],"replies":[{"embeddable":true,"href":"https:\/\/lingonperry.com\/en\/wp-json\/wp\/v2\/comments?post=3787"}],"version-history":[{"count":65,"href":"https:\/\/lingonperry.com\/en\/wp-json\/wp\/v2\/pages\/3787\/revisions"}],"predecessor-version":[{"id":4087,"href":"https:\/\/lingonperry.com\/en\/wp-json\/wp\/v2\/pages\/3787\/revisions\/4087"}],"wp:attachment":[{"href":"https:\/\/lingonperry.com\/en\/wp-json\/wp\/v2\/media?parent=3787"}],"curies":[{"name":"wp","href":"https:\/\/api.w.org\/{rel}","templated":true}]}}